{"id":650,"date":"2024-01-16T16:33:41","date_gmt":"2024-01-16T15:33:41","guid":{"rendered":"https:\/\/parkshop.cz\/ostrava\/?page_id=650"},"modified":"2024-01-22T23:13:08","modified_gmt":"2024-01-22T22:13:08","slug":"galerie","status":"publish","type":"page","link":"https:\/\/parkshop.cz\/ostrava\/galerie\/","title":{"rendered":"Galerie"},"content":{"rendered":"\n\t\t<style type=\"text\/css\">\n\t\t\t#gallery-1 {\n\t\t\t\tmargin: auto;\n\t\t\t}\n\t\t\t#gallery-1 .gallery-item {\n\t\t\t\tfloat: left;\n\t\t\t\tmargin-top: 10px;\n\t\t\t\ttext-align: center;\n\t\t\t\twidth: 33%;\n\t\t\t}\n\t\t\t#gallery-1 img {\n\t\t\t\tborder: 2px solid #cfcfcf;\n\t\t\t}\n\t\t\t#gallery-1 .gallery-caption {\n\t\t\t\tmargin-left: 0;\n\t\t\t}\n\t\t\t\/* see gallery_shortcode() in wp-includes\/media.php *\/\n\t\t<\/style>\n\t\t<div id='gallery-1' class='gallery galleryid-650 gallery-columns-3 gallery-size-medium'><dl class='gallery-item'>\n\t\t\t<dt class='gallery-icon landscape'>\n\t\t\t\t<a href='https:\/\/parkshop.cz\/ostrava\/wp-content\/uploads\/2024\/01\/16.jpg'><img loading=\"lazy\" decoding=\"async\" width=\"300\" height=\"164\" src=\"https:\/\/parkshop.cz\/ostrava\/wp-content\/uploads\/2024\/01\/16-300x164.jpg\" class=\"attachment-medium size-medium\" alt=\"\" srcset=\"https:\/\/parkshop.cz\/ostrava\/wp-content\/uploads\/2024\/01\/16-300x164.jpg 300w, https:\/\/parkshop.cz\/ostrava\/wp-content\/uploads\/2024\/01\/16-960x526.jpg 960w, https:\/\/parkshop.cz\/ostrava\/wp-content\/uploads\/2024\/01\/16-768x421.jpg 768w, https:\/\/parkshop.cz\/ostrava\/wp-content\/uploads\/2024\/01\/16-1536x842.jpg 1536w, https:\/\/parkshop.cz\/ostrava\/wp-content\/uploads\/2024\/01\/16-480x263.jpg 480w, https:\/\/parkshop.cz\/ostrava\/wp-content\/uploads\/2024\/01\/16-540x296.jpg 540w, https:\/\/parkshop.cz\/ostrava\/wp-content\/uploads\/2024\/01\/16-720x395.jpg 720w, https:\/\/parkshop.cz\/ostrava\/wp-content\/uploads\/2024\/01\/16-1140x625.jpg 1140w, https:\/\/parkshop.cz\/ostrava\/wp-content\/uploads\/2024\/01\/16.jpg 1920w\" sizes=\"auto, (max-width: 300px) 100vw, 300px\" \/><\/a>\n\t\t\t<\/dt><\/dl><dl class='gallery-item'>\n\t\t\t<dt class='gallery-icon landscape'>\n\t\t\t\t<a href='https:\/\/parkshop.cz\/ostrava\/wp-content\/uploads\/2024\/01\/01.jpg'><img loading=\"lazy\" decoding=\"async\" width=\"300\" height=\"165\" src=\"https:\/\/parkshop.cz\/ostrava\/wp-content\/uploads\/2024\/01\/01-300x165.jpg\" class=\"attachment-medium size-medium\" alt=\"\" srcset=\"https:\/\/parkshop.cz\/ostrava\/wp-content\/uploads\/2024\/01\/01-300x165.jpg 300w, https:\/\/parkshop.cz\/ostrava\/wp-content\/uploads\/2024\/01\/01-960x529.jpg 960w, https:\/\/parkshop.cz\/ostrava\/wp-content\/uploads\/2024\/01\/01-768x423.jpg 768w, https:\/\/parkshop.cz\/ostrava\/wp-content\/uploads\/2024\/01\/01-1536x846.jpg 1536w, https:\/\/parkshop.cz\/ostrava\/wp-content\/uploads\/2024\/01\/01-480x264.jpg 480w, https:\/\/parkshop.cz\/ostrava\/wp-content\/uploads\/2024\/01\/01-540x297.jpg 540w, https:\/\/parkshop.cz\/ostrava\/wp-content\/uploads\/2024\/01\/01-720x396.jpg 720w, https:\/\/parkshop.cz\/ostrava\/wp-content\/uploads\/2024\/01\/01-1140x628.jpg 1140w, https:\/\/parkshop.cz\/ostrava\/wp-content\/uploads\/2024\/01\/01.jpg 1920w\" sizes=\"auto, (max-width: 300px) 100vw, 300px\" \/><\/a>\n\t\t\t<\/dt><\/dl><dl class='gallery-item'>\n\t\t\t<dt class='gallery-icon landscape'>\n\t\t\t\t<a href='https:\/\/parkshop.cz\/ostrava\/wp-content\/uploads\/2024\/01\/02.jpg'><img loading=\"lazy\" decoding=\"async\" width=\"300\" height=\"208\" src=\"https:\/\/parkshop.cz\/ostrava\/wp-content\/uploads\/2024\/01\/02-300x208.jpg\" class=\"attachment-medium size-medium\" alt=\"\" srcset=\"https:\/\/parkshop.cz\/ostrava\/wp-content\/uploads\/2024\/01\/02-300x208.jpg 300w, https:\/\/parkshop.cz\/ostrava\/wp-content\/uploads\/2024\/01\/02-960x667.jpg 960w, https:\/\/parkshop.cz\/ostrava\/wp-content\/uploads\/2024\/01\/02-768x534.jpg 768w, https:\/\/parkshop.cz\/ostrava\/wp-content\/uploads\/2024\/01\/02-1536x1067.jpg 1536w, https:\/\/parkshop.cz\/ostrava\/wp-content\/uploads\/2024\/01\/02-480x334.jpg 480w, https:\/\/parkshop.cz\/ostrava\/wp-content\/uploads\/2024\/01\/02-540x375.jpg 540w, https:\/\/parkshop.cz\/ostrava\/wp-content\/uploads\/2024\/01\/02-720x500.jpg 720w, https:\/\/parkshop.cz\/ostrava\/wp-content\/uploads\/2024\/01\/02-1140x792.jpg 1140w, https:\/\/parkshop.cz\/ostrava\/wp-content\/uploads\/2024\/01\/02.jpg 1727w\" sizes=\"auto, (max-width: 300px) 100vw, 300px\" \/><\/a>\n\t\t\t<\/dt><\/dl><br style=\"clear: both\" \/><dl class='gallery-item'>\n\t\t\t<dt class='gallery-icon landscape'>\n\t\t\t\t<a href='https:\/\/parkshop.cz\/ostrava\/wp-content\/uploads\/2024\/01\/03.jpg'><img loading=\"lazy\" decoding=\"async\" width=\"300\" height=\"200\" src=\"https:\/\/parkshop.cz\/ostrava\/wp-content\/uploads\/2024\/01\/03-300x200.jpg\" class=\"attachment-medium size-medium\" alt=\"\" srcset=\"https:\/\/parkshop.cz\/ostrava\/wp-content\/uploads\/2024\/01\/03-300x200.jpg 300w, https:\/\/parkshop.cz\/ostrava\/wp-content\/uploads\/2024\/01\/03-960x640.jpg 960w, https:\/\/parkshop.cz\/ostrava\/wp-content\/uploads\/2024\/01\/03-768x512.jpg 768w, https:\/\/parkshop.cz\/ostrava\/wp-content\/uploads\/2024\/01\/03-1536x1024.jpg 1536w, https:\/\/parkshop.cz\/ostrava\/wp-content\/uploads\/2024\/01\/03-480x320.jpg 480w, https:\/\/parkshop.cz\/ostrava\/wp-content\/uploads\/2024\/01\/03-540x360.jpg 540w, https:\/\/parkshop.cz\/ostrava\/wp-content\/uploads\/2024\/01\/03-720x480.jpg 720w, https:\/\/parkshop.cz\/ostrava\/wp-content\/uploads\/2024\/01\/03-1140x760.jpg 1140w, https:\/\/parkshop.cz\/ostrava\/wp-content\/uploads\/2024\/01\/03.jpg 1800w\" sizes=\"auto, (max-width: 300px) 100vw, 300px\" \/><\/a>\n\t\t\t<\/dt><\/dl><dl class='gallery-item'>\n\t\t\t<dt class='gallery-icon landscape'>\n\t\t\t\t<a href='https:\/\/parkshop.cz\/ostrava\/wp-content\/uploads\/2024\/01\/05.jpg'><img loading=\"lazy\" decoding=\"async\" width=\"300\" height=\"200\" src=\"https:\/\/parkshop.cz\/ostrava\/wp-content\/uploads\/2024\/01\/05-300x200.jpg\" class=\"attachment-medium size-medium\" alt=\"\" srcset=\"https:\/\/parkshop.cz\/ostrava\/wp-content\/uploads\/2024\/01\/05-300x200.jpg 300w, https:\/\/parkshop.cz\/ostrava\/wp-content\/uploads\/2024\/01\/05-960x640.jpg 960w, https:\/\/parkshop.cz\/ostrava\/wp-content\/uploads\/2024\/01\/05-768x512.jpg 768w, https:\/\/parkshop.cz\/ostrava\/wp-content\/uploads\/2024\/01\/05-1536x1024.jpg 1536w, https:\/\/parkshop.cz\/ostrava\/wp-content\/uploads\/2024\/01\/05-480x320.jpg 480w, https:\/\/parkshop.cz\/ostrava\/wp-content\/uploads\/2024\/01\/05-540x360.jpg 540w, https:\/\/parkshop.cz\/ostrava\/wp-content\/uploads\/2024\/01\/05-720x480.jpg 720w, https:\/\/parkshop.cz\/ostrava\/wp-content\/uploads\/2024\/01\/05-1140x760.jpg 1140w, https:\/\/parkshop.cz\/ostrava\/wp-content\/uploads\/2024\/01\/05.jpg 1800w\" sizes=\"auto, (max-width: 300px) 100vw, 300px\" \/><\/a>\n\t\t\t<\/dt><\/dl><dl class='gallery-item'>\n\t\t\t<dt class='gallery-icon landscape'>\n\t\t\t\t<a href='https:\/\/parkshop.cz\/ostrava\/wp-content\/uploads\/2024\/01\/06.jpg'><img loading=\"lazy\" decoding=\"async\" width=\"300\" height=\"200\" src=\"https:\/\/parkshop.cz\/ostrava\/wp-content\/uploads\/2024\/01\/06-300x200.jpg\" class=\"attachment-medium size-medium\" alt=\"\" srcset=\"https:\/\/parkshop.cz\/ostrava\/wp-content\/uploads\/2024\/01\/06-300x200.jpg 300w, https:\/\/parkshop.cz\/ostrava\/wp-content\/uploads\/2024\/01\/06-960x640.jpg 960w, https:\/\/parkshop.cz\/ostrava\/wp-content\/uploads\/2024\/01\/06-768x512.jpg 768w, https:\/\/parkshop.cz\/ostrava\/wp-content\/uploads\/2024\/01\/06-1536x1024.jpg 1536w, https:\/\/parkshop.cz\/ostrava\/wp-content\/uploads\/2024\/01\/06-480x320.jpg 480w, https:\/\/parkshop.cz\/ostrava\/wp-content\/uploads\/2024\/01\/06-540x360.jpg 540w, https:\/\/parkshop.cz\/ostrava\/wp-content\/uploads\/2024\/01\/06-720x480.jpg 720w, https:\/\/parkshop.cz\/ostrava\/wp-content\/uploads\/2024\/01\/06-1140x760.jpg 1140w, https:\/\/parkshop.cz\/ostrava\/wp-content\/uploads\/2024\/01\/06.jpg 1800w\" sizes=\"auto, (max-width: 300px) 100vw, 300px\" \/><\/a>\n\t\t\t<\/dt><\/dl><br style=\"clear: both\" \/><dl class='gallery-item'>\n\t\t\t<dt class='gallery-icon landscape'>\n\t\t\t\t<a href='https:\/\/parkshop.cz\/ostrava\/wp-content\/uploads\/2024\/01\/07.jpg'><img loading=\"lazy\" decoding=\"async\" width=\"300\" height=\"200\" src=\"https:\/\/parkshop.cz\/ostrava\/wp-content\/uploads\/2024\/01\/07-300x200.jpg\" class=\"attachment-medium size-medium\" alt=\"\" srcset=\"https:\/\/parkshop.cz\/ostrava\/wp-content\/uploads\/2024\/01\/07-300x200.jpg 300w, https:\/\/parkshop.cz\/ostrava\/wp-content\/uploads\/2024\/01\/07-960x640.jpg 960w, https:\/\/parkshop.cz\/ostrava\/wp-content\/uploads\/2024\/01\/07-768x512.jpg 768w, https:\/\/parkshop.cz\/ostrava\/wp-content\/uploads\/2024\/01\/07-1536x1024.jpg 1536w, https:\/\/parkshop.cz\/ostrava\/wp-content\/uploads\/2024\/01\/07-480x320.jpg 480w, https:\/\/parkshop.cz\/ostrava\/wp-content\/uploads\/2024\/01\/07-540x360.jpg 540w, https:\/\/parkshop.cz\/ostrava\/wp-content\/uploads\/2024\/01\/07-720x480.jpg 720w, https:\/\/parkshop.cz\/ostrava\/wp-content\/uploads\/2024\/01\/07-1140x760.jpg 1140w, https:\/\/parkshop.cz\/ostrava\/wp-content\/uploads\/2024\/01\/07.jpg 1800w\" sizes=\"auto, (max-width: 300px) 100vw, 300px\" \/><\/a>\n\t\t\t<\/dt><\/dl><dl class='gallery-item'>\n\t\t\t<dt class='gallery-icon landscape'>\n\t\t\t\t<a href='https:\/\/parkshop.cz\/ostrava\/wp-content\/uploads\/2024\/01\/08.jpg'><img loading=\"lazy\" decoding=\"async\" width=\"300\" height=\"200\" src=\"https:\/\/parkshop.cz\/ostrava\/wp-content\/uploads\/2024\/01\/08-300x200.jpg\" class=\"attachment-medium size-medium\" alt=\"\" srcset=\"https:\/\/parkshop.cz\/ostrava\/wp-content\/uploads\/2024\/01\/08-300x200.jpg 300w, https:\/\/parkshop.cz\/ostrava\/wp-content\/uploads\/2024\/01\/08-960x640.jpg 960w, https:\/\/parkshop.cz\/ostrava\/wp-content\/uploads\/2024\/01\/08-768x512.jpg 768w, https:\/\/parkshop.cz\/ostrava\/wp-content\/uploads\/2024\/01\/08-1536x1024.jpg 1536w, https:\/\/parkshop.cz\/ostrava\/wp-content\/uploads\/2024\/01\/08-480x320.jpg 480w, https:\/\/parkshop.cz\/ostrava\/wp-content\/uploads\/2024\/01\/08-540x360.jpg 540w, https:\/\/parkshop.cz\/ostrava\/wp-content\/uploads\/2024\/01\/08-720x480.jpg 720w, https:\/\/parkshop.cz\/ostrava\/wp-content\/uploads\/2024\/01\/08-1140x760.jpg 1140w, https:\/\/parkshop.cz\/ostrava\/wp-content\/uploads\/2024\/01\/08.jpg 1800w\" sizes=\"auto, (max-width: 300px) 100vw, 300px\" \/><\/a>\n\t\t\t<\/dt><\/dl><dl class='gallery-item'>\n\t\t\t<dt class='gallery-icon landscape'>\n\t\t\t\t<a href='https:\/\/parkshop.cz\/ostrava\/wp-content\/uploads\/2024\/01\/09.jpg'><img loading=\"lazy\" decoding=\"async\" width=\"300\" height=\"200\" src=\"https:\/\/parkshop.cz\/ostrava\/wp-content\/uploads\/2024\/01\/09-300x200.jpg\" class=\"attachment-medium size-medium\" alt=\"\" srcset=\"https:\/\/parkshop.cz\/ostrava\/wp-content\/uploads\/2024\/01\/09-300x200.jpg 300w, https:\/\/parkshop.cz\/ostrava\/wp-content\/uploads\/2024\/01\/09-960x640.jpg 960w, https:\/\/parkshop.cz\/ostrava\/wp-content\/uploads\/2024\/01\/09-768x512.jpg 768w, https:\/\/parkshop.cz\/ostrava\/wp-content\/uploads\/2024\/01\/09-1536x1024.jpg 1536w, https:\/\/parkshop.cz\/ostrava\/wp-content\/uploads\/2024\/01\/09-480x320.jpg 480w, https:\/\/parkshop.cz\/ostrava\/wp-content\/uploads\/2024\/01\/09-540x360.jpg 540w, https:\/\/parkshop.cz\/ostrava\/wp-content\/uploads\/2024\/01\/09-720x480.jpg 720w, https:\/\/parkshop.cz\/ostrava\/wp-content\/uploads\/2024\/01\/09-1140x760.jpg 1140w, https:\/\/parkshop.cz\/ostrava\/wp-content\/uploads\/2024\/01\/09.jpg 1800w\" sizes=\"auto, (max-width: 300px) 100vw, 300px\" \/><\/a>\n\t\t\t<\/dt><\/dl><br style=\"clear: both\" \/><dl class='gallery-item'>\n\t\t\t<dt class='gallery-icon landscape'>\n\t\t\t\t<a href='https:\/\/parkshop.cz\/ostrava\/wp-content\/uploads\/2024\/01\/10.jpg'><img loading=\"lazy\" decoding=\"async\" width=\"300\" height=\"177\" src=\"https:\/\/parkshop.cz\/ostrava\/wp-content\/uploads\/2024\/01\/10-300x177.jpg\" class=\"attachment-medium size-medium\" alt=\"\" srcset=\"https:\/\/parkshop.cz\/ostrava\/wp-content\/uploads\/2024\/01\/10-300x177.jpg 300w, https:\/\/parkshop.cz\/ostrava\/wp-content\/uploads\/2024\/01\/10-960x568.jpg 960w, https:\/\/parkshop.cz\/ostrava\/wp-content\/uploads\/2024\/01\/10-768x454.jpg 768w, https:\/\/parkshop.cz\/ostrava\/wp-content\/uploads\/2024\/01\/10-1536x908.jpg 1536w, https:\/\/parkshop.cz\/ostrava\/wp-content\/uploads\/2024\/01\/10-480x284.jpg 480w, https:\/\/parkshop.cz\/ostrava\/wp-content\/uploads\/2024\/01\/10-540x319.jpg 540w, https:\/\/parkshop.cz\/ostrava\/wp-content\/uploads\/2024\/01\/10-720x426.jpg 720w, https:\/\/parkshop.cz\/ostrava\/wp-content\/uploads\/2024\/01\/10-1140x674.jpg 1140w, https:\/\/parkshop.cz\/ostrava\/wp-content\/uploads\/2024\/01\/10.jpg 1920w\" sizes=\"auto, (max-width: 300px) 100vw, 300px\" \/><\/a>\n\t\t\t<\/dt><\/dl><dl class='gallery-item'>\n\t\t\t<dt class='gallery-icon landscape'>\n\t\t\t\t<a href='https:\/\/parkshop.cz\/ostrava\/wp-content\/uploads\/2024\/01\/11.jpg'><img loading=\"lazy\" decoding=\"async\" width=\"300\" height=\"200\" src=\"https:\/\/parkshop.cz\/ostrava\/wp-content\/uploads\/2024\/01\/11-300x200.jpg\" class=\"attachment-medium size-medium\" alt=\"\" srcset=\"https:\/\/parkshop.cz\/ostrava\/wp-content\/uploads\/2024\/01\/11-300x200.jpg 300w, https:\/\/parkshop.cz\/ostrava\/wp-content\/uploads\/2024\/01\/11-960x640.jpg 960w, https:\/\/parkshop.cz\/ostrava\/wp-content\/uploads\/2024\/01\/11-768x512.jpg 768w, https:\/\/parkshop.cz\/ostrava\/wp-content\/uploads\/2024\/01\/11-1536x1024.jpg 1536w, https:\/\/parkshop.cz\/ostrava\/wp-content\/uploads\/2024\/01\/11-480x320.jpg 480w, https:\/\/parkshop.cz\/ostrava\/wp-content\/uploads\/2024\/01\/11-540x360.jpg 540w, https:\/\/parkshop.cz\/ostrava\/wp-content\/uploads\/2024\/01\/11-720x480.jpg 720w, https:\/\/parkshop.cz\/ostrava\/wp-content\/uploads\/2024\/01\/11-1140x760.jpg 1140w, https:\/\/parkshop.cz\/ostrava\/wp-content\/uploads\/2024\/01\/11.jpg 1800w\" sizes=\"auto, (max-width: 300px) 100vw, 300px\" \/><\/a>\n\t\t\t<\/dt><\/dl><dl class='gallery-item'>\n\t\t\t<dt class='gallery-icon landscape'>\n\t\t\t\t<a href='https:\/\/parkshop.cz\/ostrava\/wp-content\/uploads\/2024\/01\/12.jpg'><img loading=\"lazy\" decoding=\"async\" width=\"300\" height=\"202\" src=\"https:\/\/parkshop.cz\/ostrava\/wp-content\/uploads\/2024\/01\/12-300x202.jpg\" class=\"attachment-medium size-medium\" alt=\"\" srcset=\"https:\/\/parkshop.cz\/ostrava\/wp-content\/uploads\/2024\/01\/12-300x202.jpg 300w, https:\/\/parkshop.cz\/ostrava\/wp-content\/uploads\/2024\/01\/12-960x646.jpg 960w, https:\/\/parkshop.cz\/ostrava\/wp-content\/uploads\/2024\/01\/12-768x517.jpg 768w, https:\/\/parkshop.cz\/ostrava\/wp-content\/uploads\/2024\/01\/12-1536x1033.jpg 1536w, https:\/\/parkshop.cz\/ostrava\/wp-content\/uploads\/2024\/01\/12-480x323.jpg 480w, https:\/\/parkshop.cz\/ostrava\/wp-content\/uploads\/2024\/01\/12-540x363.jpg 540w, https:\/\/parkshop.cz\/ostrava\/wp-content\/uploads\/2024\/01\/12-720x484.jpg 720w, https:\/\/parkshop.cz\/ostrava\/wp-content\/uploads\/2024\/01\/12-1140x767.jpg 1140w, https:\/\/parkshop.cz\/ostrava\/wp-content\/uploads\/2024\/01\/12.jpg 1784w\" sizes=\"auto, (max-width: 300px) 100vw, 300px\" \/><\/a>\n\t\t\t<\/dt><\/dl><br style=\"clear: both\" \/><dl class='gallery-item'>\n\t\t\t<dt class='gallery-icon landscape'>\n\t\t\t\t<a href='https:\/\/parkshop.cz\/ostrava\/wp-content\/uploads\/2024\/01\/13.jpg'><img loading=\"lazy\" decoding=\"async\" width=\"300\" height=\"180\" src=\"https:\/\/parkshop.cz\/ostrava\/wp-content\/uploads\/2024\/01\/13-300x180.jpg\" class=\"attachment-medium size-medium\" alt=\"\" srcset=\"https:\/\/parkshop.cz\/ostrava\/wp-content\/uploads\/2024\/01\/13-300x180.jpg 300w, https:\/\/parkshop.cz\/ostrava\/wp-content\/uploads\/2024\/01\/13-960x575.jpg 960w, https:\/\/parkshop.cz\/ostrava\/wp-content\/uploads\/2024\/01\/13-768x460.jpg 768w, https:\/\/parkshop.cz\/ostrava\/wp-content\/uploads\/2024\/01\/13-1536x920.jpg 1536w, https:\/\/parkshop.cz\/ostrava\/wp-content\/uploads\/2024\/01\/13-480x288.jpg 480w, https:\/\/parkshop.cz\/ostrava\/wp-content\/uploads\/2024\/01\/13-540x323.jpg 540w, https:\/\/parkshop.cz\/ostrava\/wp-content\/uploads\/2024\/01\/13-720x431.jpg 720w, https:\/\/parkshop.cz\/ostrava\/wp-content\/uploads\/2024\/01\/13-1140x683.jpg 1140w, https:\/\/parkshop.cz\/ostrava\/wp-content\/uploads\/2024\/01\/13.jpg 1920w\" sizes=\"auto, (max-width: 300px) 100vw, 300px\" \/><\/a>\n\t\t\t<\/dt><\/dl><dl class='gallery-item'>\n\t\t\t<dt class='gallery-icon landscape'>\n\t\t\t\t<a href='https:\/\/parkshop.cz\/ostrava\/wp-content\/uploads\/2024\/01\/14.jpg'><img loading=\"lazy\" decoding=\"async\" width=\"300\" height=\"169\" src=\"https:\/\/parkshop.cz\/ostrava\/wp-content\/uploads\/2024\/01\/14-300x169.jpg\" class=\"attachment-medium size-medium\" alt=\"\" srcset=\"https:\/\/parkshop.cz\/ostrava\/wp-content\/uploads\/2024\/01\/14-300x169.jpg 300w, https:\/\/parkshop.cz\/ostrava\/wp-content\/uploads\/2024\/01\/14-960x540.jpg 960w, https:\/\/parkshop.cz\/ostrava\/wp-content\/uploads\/2024\/01\/14-768x432.jpg 768w, https:\/\/parkshop.cz\/ostrava\/wp-content\/uploads\/2024\/01\/14-1536x864.jpg 1536w, https:\/\/parkshop.cz\/ostrava\/wp-content\/uploads\/2024\/01\/14-480x270.jpg 480w, https:\/\/parkshop.cz\/ostrava\/wp-content\/uploads\/2024\/01\/14-540x304.jpg 540w, https:\/\/parkshop.cz\/ostrava\/wp-content\/uploads\/2024\/01\/14-720x405.jpg 720w, https:\/\/parkshop.cz\/ostrava\/wp-content\/uploads\/2024\/01\/14-1140x641.jpg 1140w, https:\/\/parkshop.cz\/ostrava\/wp-content\/uploads\/2024\/01\/14.jpg 1920w\" sizes=\"auto, (max-width: 300px) 100vw, 300px\" \/><\/a>\n\t\t\t<\/dt><\/dl><dl class='gallery-item'>\n\t\t\t<dt class='gallery-icon landscape'>\n\t\t\t\t<a href='https:\/\/parkshop.cz\/ostrava\/wp-content\/uploads\/2024\/01\/15.jpg'><img loading=\"lazy\" decoding=\"async\" width=\"300\" height=\"169\" src=\"https:\/\/parkshop.cz\/ostrava\/wp-content\/uploads\/2024\/01\/15-300x169.jpg\" class=\"attachment-medium size-medium\" alt=\"\" srcset=\"https:\/\/parkshop.cz\/ostrava\/wp-content\/uploads\/2024\/01\/15-300x169.jpg 300w, https:\/\/parkshop.cz\/ostrava\/wp-content\/uploads\/2024\/01\/15-960x540.jpg 960w, https:\/\/parkshop.cz\/ostrava\/wp-content\/uploads\/2024\/01\/15-768x432.jpg 768w, https:\/\/parkshop.cz\/ostrava\/wp-content\/uploads\/2024\/01\/15-1536x864.jpg 1536w, https:\/\/parkshop.cz\/ostrava\/wp-content\/uploads\/2024\/01\/15-480x270.jpg 480w, https:\/\/parkshop.cz\/ostrava\/wp-content\/uploads\/2024\/01\/15-540x304.jpg 540w, https:\/\/parkshop.cz\/ostrava\/wp-content\/uploads\/2024\/01\/15-720x405.jpg 720w, https:\/\/parkshop.cz\/ostrava\/wp-content\/uploads\/2024\/01\/15-1140x641.jpg 1140w, https:\/\/parkshop.cz\/ostrava\/wp-content\/uploads\/2024\/01\/15.jpg 1920w\" sizes=\"auto, (max-width: 300px) 100vw, 300px\" \/><\/a>\n\t\t\t<\/dt><\/dl><br style=\"clear: both\" \/>\n\t\t<\/div>\n\n","protected":false},"excerpt":{"rendered":"","protected":false},"author":3,"featured_media":0,"parent":0,"menu_order":0,"comment_status":"closed","ping_status":"closed","template":"","meta":{"_acf_changed":false,"footnotes":""},"class_list":["post-650","page","type-page","status-publish","hentry"],"acf":[],"yoast_head":"<!-- This site is optimized with the Yoast SEO plugin v26.5 - https:\/\/yoast.com\/wordpress\/plugins\/seo\/ -->\n<title>Galerie - Park&amp;Shop Ostrava<\/title>\n<meta name=\"robots\" content=\"index, follow, max-snippet:-1, max-image-preview:large, max-video-preview:-1\" \/>\n<link rel=\"canonical\" href=\"https:\/\/parkshop.cz\/ostrava\/galerie\/\" \/>\n<meta property=\"og:locale\" content=\"cs_CZ\" \/>\n<meta property=\"og:type\" content=\"article\" \/>\n<meta property=\"og:title\" content=\"Galerie - Park&amp;Shop Ostrava\" \/>\n<meta property=\"og:url\" content=\"https:\/\/parkshop.cz\/ostrava\/galerie\/\" \/>\n<meta property=\"og:site_name\" content=\"Park&amp;Shop Ostrava\" \/>\n<meta property=\"article:modified_time\" content=\"2024-01-22T22:13:08+00:00\" \/>\n<meta property=\"og:image\" content=\"https:\/\/parkshop.cz\/ostrava\/wp-content\/uploads\/2024\/01\/16-300x164.jpg\" \/>\n<meta name=\"twitter:card\" content=\"summary_large_image\" \/>\n<meta name=\"twitter:label1\" content=\"Odhadovan\u00e1 doba \u010dten\u00ed\" \/>\n\t<meta name=\"twitter:data1\" content=\"1 minuta\" \/>\n<script type=\"application\/ld+json\" class=\"yoast-schema-graph\">{\"@context\":\"https:\/\/schema.org\",\"@graph\":[{\"@type\":\"WebPage\",\"@id\":\"https:\/\/parkshop.cz\/ostrava\/galerie\/\",\"url\":\"https:\/\/parkshop.cz\/ostrava\/galerie\/\",\"name\":\"Galerie - Park&amp;Shop Ostrava\",\"isPartOf\":{\"@id\":\"https:\/\/parkshop.cz\/ostrava\/#website\"},\"datePublished\":\"2024-01-16T15:33:41+00:00\",\"dateModified\":\"2024-01-22T22:13:08+00:00\",\"breadcrumb\":{\"@id\":\"https:\/\/parkshop.cz\/ostrava\/galerie\/#breadcrumb\"},\"inLanguage\":\"cs\",\"potentialAction\":[{\"@type\":\"ReadAction\",\"target\":[\"https:\/\/parkshop.cz\/ostrava\/galerie\/\"]}]},{\"@type\":\"BreadcrumbList\",\"@id\":\"https:\/\/parkshop.cz\/ostrava\/galerie\/#breadcrumb\",\"itemListElement\":[{\"@type\":\"ListItem\",\"position\":1,\"name\":\"Dom\u016f\",\"item\":\"https:\/\/parkshop.cz\/ostrava\/\"},{\"@type\":\"ListItem\",\"position\":2,\"name\":\"Galerie\"}]},{\"@type\":\"WebSite\",\"@id\":\"https:\/\/parkshop.cz\/ostrava\/#website\",\"url\":\"https:\/\/parkshop.cz\/ostrava\/\",\"name\":\"Park&amp;Shop Ostrava\",\"description\":\"\",\"publisher\":{\"@id\":\"https:\/\/parkshop.cz\/ostrava\/#organization\"},\"potentialAction\":[{\"@type\":\"SearchAction\",\"target\":{\"@type\":\"EntryPoint\",\"urlTemplate\":\"https:\/\/parkshop.cz\/ostrava\/?s={search_term_string}\"},\"query-input\":{\"@type\":\"PropertyValueSpecification\",\"valueRequired\":true,\"valueName\":\"search_term_string\"}}],\"inLanguage\":\"cs\"},{\"@type\":\"Organization\",\"@id\":\"https:\/\/parkshop.cz\/ostrava\/#organization\",\"name\":\"Park&amp;Shop Ostrava\",\"url\":\"https:\/\/parkshop.cz\/ostrava\/\",\"logo\":{\"@type\":\"ImageObject\",\"inLanguage\":\"cs\",\"@id\":\"https:\/\/parkshop.cz\/ostrava\/#\/schema\/logo\/image\/\",\"url\":\"https:\/\/parkshop.cz\/ostrava\/wp-content\/uploads\/2022\/10\/park_shop_logo.svg\",\"contentUrl\":\"https:\/\/parkshop.cz\/ostrava\/wp-content\/uploads\/2022\/10\/park_shop_logo.svg\",\"caption\":\"Park&amp;Shop Ostrava\"},\"image\":{\"@id\":\"https:\/\/parkshop.cz\/ostrava\/#\/schema\/logo\/image\/\"}}]}<\/script>\n<!-- \/ Yoast SEO plugin. -->","yoast_head_json":{"title":"Galerie - Park&amp;Shop Ostrava","robots":{"index":"index","follow":"follow","max-snippet":"max-snippet:-1","max-image-preview":"max-image-preview:large","max-video-preview":"max-video-preview:-1"},"canonical":"https:\/\/parkshop.cz\/ostrava\/galerie\/","og_locale":"cs_CZ","og_type":"article","og_title":"Galerie - Park&amp;Shop Ostrava","og_url":"https:\/\/parkshop.cz\/ostrava\/galerie\/","og_site_name":"Park&amp;Shop Ostrava","article_modified_time":"2024-01-22T22:13:08+00:00","og_image":[{"url":"https:\/\/parkshop.cz\/ostrava\/wp-content\/uploads\/2024\/01\/16-300x164.jpg","type":"","width":"","height":""}],"twitter_card":"summary_large_image","twitter_misc":{"Odhadovan\u00e1 doba \u010dten\u00ed":"1 minuta"},"schema":{"@context":"https:\/\/schema.org","@graph":[{"@type":"WebPage","@id":"https:\/\/parkshop.cz\/ostrava\/galerie\/","url":"https:\/\/parkshop.cz\/ostrava\/galerie\/","name":"Galerie - Park&amp;Shop Ostrava","isPartOf":{"@id":"https:\/\/parkshop.cz\/ostrava\/#website"},"datePublished":"2024-01-16T15:33:41+00:00","dateModified":"2024-01-22T22:13:08+00:00","breadcrumb":{"@id":"https:\/\/parkshop.cz\/ostrava\/galerie\/#breadcrumb"},"inLanguage":"cs","potentialAction":[{"@type":"ReadAction","target":["https:\/\/parkshop.cz\/ostrava\/galerie\/"]}]},{"@type":"BreadcrumbList","@id":"https:\/\/parkshop.cz\/ostrava\/galerie\/#breadcrumb","itemListElement":[{"@type":"ListItem","position":1,"name":"Dom\u016f","item":"https:\/\/parkshop.cz\/ostrava\/"},{"@type":"ListItem","position":2,"name":"Galerie"}]},{"@type":"WebSite","@id":"https:\/\/parkshop.cz\/ostrava\/#website","url":"https:\/\/parkshop.cz\/ostrava\/","name":"Park&amp;Shop Ostrava","description":"","publisher":{"@id":"https:\/\/parkshop.cz\/ostrava\/#organization"},"potentialAction":[{"@type":"SearchAction","target":{"@type":"EntryPoint","urlTemplate":"https:\/\/parkshop.cz\/ostrava\/?s={search_term_string}"},"query-input":{"@type":"PropertyValueSpecification","valueRequired":true,"valueName":"search_term_string"}}],"inLanguage":"cs"},{"@type":"Organization","@id":"https:\/\/parkshop.cz\/ostrava\/#organization","name":"Park&amp;Shop Ostrava","url":"https:\/\/parkshop.cz\/ostrava\/","logo":{"@type":"ImageObject","inLanguage":"cs","@id":"https:\/\/parkshop.cz\/ostrava\/#\/schema\/logo\/image\/","url":"https:\/\/parkshop.cz\/ostrava\/wp-content\/uploads\/2022\/10\/park_shop_logo.svg","contentUrl":"https:\/\/parkshop.cz\/ostrava\/wp-content\/uploads\/2022\/10\/park_shop_logo.svg","caption":"Park&amp;Shop Ostrava"},"image":{"@id":"https:\/\/parkshop.cz\/ostrava\/#\/schema\/logo\/image\/"}}]}},"publishpress_future_action":{"enabled":false,"date":"2026-04-26 15:34:34","action":"change-status","newStatus":"draft","terms":[],"taxonomy":"","extraData":[]},"publishpress_future_workflow_manual_trigger":{"enabledWorkflows":[]},"_links":{"self":[{"href":"https:\/\/parkshop.cz\/ostrava\/wp-json\/wp\/v2\/pages\/650","targetHints":{"allow":["GET"]}}],"collection":[{"href":"https:\/\/parkshop.cz\/ostrava\/wp-json\/wp\/v2\/pages"}],"about":[{"href":"https:\/\/parkshop.cz\/ostrava\/wp-json\/wp\/v2\/types\/page"}],"author":[{"embeddable":true,"href":"https:\/\/parkshop.cz\/ostrava\/wp-json\/wp\/v2\/users\/3"}],"replies":[{"embeddable":true,"href":"https:\/\/parkshop.cz\/ostrava\/wp-json\/wp\/v2\/comments?post=650"}],"version-history":[{"count":11,"href":"https:\/\/parkshop.cz\/ostrava\/wp-json\/wp\/v2\/pages\/650\/revisions"}],"predecessor-version":[{"id":681,"href":"https:\/\/parkshop.cz\/ostrava\/wp-json\/wp\/v2\/pages\/650\/revisions\/681"}],"wp:attachment":[{"href":"https:\/\/parkshop.cz\/ostrava\/wp-json\/wp\/v2\/media?parent=650"}],"curies":[{"name":"wp","href":"https:\/\/api.w.org\/{rel}","templated":true}]}}