{"id":42,"date":"2022-08-23T11:30:28","date_gmt":"2022-08-23T09:30:28","guid":{"rendered":"http:\/\/nphana.cz.uvirt123.active24.cz\/?page_id=42"},"modified":"2022-10-05T10:18:40","modified_gmt":"2022-10-05T08:18:40","slug":"ochrana-osobnich-udaju","status":"publish","type":"page","link":"https:\/\/parkshop.cz\/ostrava\/ochrana-osobnich-udaju\/","title":{"rendered":"Ochrana osobn\u00edch \u00fadaj\u016f"},"content":{"rendered":"<p>[vc_section][vc_row full_width=&#8220;stretch_row&#8220; el_class=&#8220;pb-5 pt-5 light-bg&#8220;][vc_column css=&#8220;.vc_custom_1664957191547{margin-bottom: 29px !important;}&#8220;][vc_custom_heading text=&#8220;Ochrana osobn\u00edch \u00fadaj\u016f&#8220; font_container=&#8220;tag:h1|text_align:left&#8220; use_theme_fonts=&#8220;yes&#8220; el_class=&#8220;section-title&#8220;][\/vc_column][vc_column el_class=&#8220;pb-5&#8243;][vc_column_text]<strong>P\u0159e\u010dt\u011bte si na\u0161e pravidla pro ochranu osobn\u00edch \u00fadaj\u016f<\/strong><\/p>\n<h2>Spr\u00e1vce<\/h2>\n<p>CBRE s.r.o.<br \/>\nI\u010c: 25759604,<br \/>\nDI\u010c: CZ25759604<br \/>\nn\u00e1m\u011bst\u00ed Republiky 1079\/1a, Nov\u00e9 M\u011bsto, 110 00 Praha 1<\/p>\n<p><strong>Kontakt:<\/strong><\/p>\n<blockquote class=\"wp-embedded-content\" data-secret=\"CBM7qbkvIZ\"><p><a href=\"https:\/\/parkshop.cz\/ostrava\/\">\u00davod<\/a><\/p><\/blockquote>\n<p><iframe loading=\"lazy\" class=\"wp-embedded-content\" sandbox=\"allow-scripts\" security=\"restricted\" style=\"position: absolute; visibility: hidden;\" title=\"&#8222;\u00davod&#8220; &#8212; Park&amp;Shop Ostrava\" src=\"https:\/\/parkshop.cz\/ostrava\/embed\/#?secret=SFDsrXMRqq#?secret=CBM7qbkvIZ\" data-secret=\"CBM7qbkvIZ\" width=\"500\" height=\"282\" frameborder=\"0\" marginwidth=\"0\" marginheight=\"0\" scrolling=\"no\"><\/iframe><br \/>\n<a class=\"c-link\" tabindex=\"-1\" href=\"mailto:michal.fico@cbre.com\" target=\"_blank\" rel=\"noopener noreferrer\" data-stringify-link=\"mailto:michal.fico@cbre.com\" data-sk=\"tooltip_parent\" aria-haspopup=\"menu\" aria-expanded=\"false\" data-remove-tab-index=\"true\">michal.fico@cbre.com<\/a><br \/>\n<a class=\"c-link\" tabindex=\"-1\" href=\"tel:+420724226611\" target=\"_blank\" rel=\"noopener noreferrer\" data-stringify-link=\"tel:+420724226611\" data-sk=\"tooltip_parent\" data-remove-tab-index=\"true\">+420 724 226 611<\/a><\/p>\n<p>&nbsp;<\/p>\n<h2>Z\u00e1sady zpracov\u00e1n\u00ed osobn\u00edch \u00fadaj\u016f<\/h2>\n<p>T\u00edmto dokumentem V\u00e1m poskytujeme informace o Va\u0161ich pr\u00e1vech souvisej\u00edc\u00edch se zpracov\u00e1v\u00e1n\u00edm Va\u0161ich osobn\u00edch \u00fadaj\u016f a jejich ochran\u011b. Tento dokument bude pravideln\u011b aktualizov\u00e1n.<\/p>\n<p>Va\u0161e osobn\u00ed \u00fadaje, kter\u00e9 n\u00e1m poskytnete, zpracov\u00e1v\u00e1me transparentn\u011b, korektn\u011b a v souladu s pr\u00e1vn\u00edmi p\u0159edpisy, zejm\u00e9na na\u0159\u00edzen\u00edm GDPR a z\u00e1konem o ochran\u011b osobn\u00edch \u00fadaj\u016f.<\/p>\n<p>Osobn\u00ed \u00fadaje d\u011bt\u00ed (tedy osob mlad\u0161\u00edch 15 let) zpracov\u00e1v\u00e1me, jen pokud za d\u00edt\u011b jednal nejprve jeho rodi\u010d nebo jin\u00fd z\u00e1stupce. Jako rodi\u010d nebo jin\u00fd z\u00e1stupce d\u00edt\u011bte nesete odpov\u011bdnost za to, \u017ee poskytnut\u00ed \u00fadaj\u016f o d\u00edt\u011bti nen\u00ed v rozporu s jeho z\u00e1jmy a \u017ee d\u00edt\u011b o zpracov\u00e1n\u00ed osobn\u00edch \u00fadaj\u016f n\u00e1mi i o jeho pr\u00e1vech srozumiteln\u011b informujete.<\/p>\n<p>Zaru\u010dujeme, \u017ee zpracov\u00e1n\u00ed osobn\u00edch \u00fadaj\u016f zabezpe\u010dujeme standardn\u00edmi postupy a technologiemi. V souvislosti se zpracov\u00e1v\u00e1n\u00edm osobn\u00edch \u00fadaj\u016f pravideln\u011b kontrolujeme, p\u0159\u00edpadn\u00e1 slab\u00e1 m\u00edsta a vyhodnocujeme incidenty a pou\u017e\u00edv\u00e1n\u00ed takov\u00fdch bezpe\u010dnostn\u00edch opat\u0159en\u00ed, kter\u00e1 lze rozumn\u011b vy\u017eadovat, aby nedo\u0161lo k neopr\u00e1vn\u011bn\u00e9mu p\u0159\u00edstupu k zpracov\u00e1van\u00fdm \u00fadaj\u016fm. P\u0159ijat\u00e1 bezpe\u010dnostn\u00ed opat\u0159en\u00ed pravideln\u011b aktualizujeme.<\/p>\n<p>&nbsp;<\/p>\n<h2>Zpracov\u00e1van\u00e9 osobn\u00ed \u00fadaje<\/h2>\n<p>Zpracov\u00e1v\u00e1me n\u00e1sleduj\u00edc\u00ed kategorie (rozsah) osobn\u00edch \u00fadaj\u016f, za dan\u00fdm \u00fa\u010delem a na z\u00e1klad\u011b uveden\u00e9ho d\u016fvodu (z\u00e1konnost):<\/p>\n<p>&nbsp;<\/p>\n<div class=\"table-responsive\">\n<table class=\"table table-bordered\">\n<tbody>\n<tr>\n<th>Kategorie osobn\u00edch \u00fadaj\u016f<\/th>\n<th>\u00da\u010del<\/th>\n<th>Z\u00e1konnost<\/th>\n<th>Doba zpracov\u00e1n\u00ed<\/th>\n<\/tr>\n<tr>\n<td>Identifika\u010dn\u00ed \u00fadaje klienta<br \/>\n(jm\u00e9no, p\u0159\u00edjmen\u00ed, adresa, I\u010c, DI\u010c a p\u0159\u00edp. dal\u0161\u00ed)<\/td>\n<td>Uzav\u0159en\u00ed smlouvy<br \/>\nPln\u011bn\u00ed smlouvy<br \/>\n<span style=\"font-family: inherit; font-size: inherit;\">Objedn\u00e1vky<br \/>\n<\/span>Fakturace<br \/>\n<span style=\"font-family: inherit; font-size: inherit;\">atd.<\/span><\/td>\n<td>Nezbytn\u00e9 pro spln\u011bn\u00ed smlouvy<\/p>\n<p>Spln\u011bn\u00ed dal\u0161\u00edch pr\u00e1vn\u00edch povinnost\u00ed (veden\u00ed \u00fa\u010detnictv\u00ed, atd.)<\/td>\n<td>Po dobu trv\u00e1n\u00ed smlouvy a d\u00e1le min. 3 roky<\/td>\n<\/tr>\n<tr>\n<td>Kontaktn\u00ed \u00fadaje klienta<br \/>\n(e-mail, telefon)<\/td>\n<td>B\u011b\u017en\u00e1 komunikace v r\u00e1mci pln\u011bn\u00ed smlouvy<\/td>\n<td>Nezbytn\u00e9 pro spln\u011bn\u00ed smlouvy<\/td>\n<td>Po dobu trv\u00e1n\u00ed smlouvy a d\u00e1le min. 3 roky<\/td>\n<\/tr>\n<tr>\n<td>E-mail klienta<\/td>\n<td>Shroma\u017e\u010fov\u00e1n\u00ed e-mail\u016f za \u00fa\u010delem rozes\u00edlky newsletter\u016f<\/td>\n<td>Souhlas klienta<\/td>\n<td>5 let, resp. do odvol\u00e1n\u00ed souhlasu<\/td>\n<\/tr>\n<tr>\n<td>Cookies, IP adresy<br \/>\n(anonymn\u00ed data)<\/td>\n<td>Zpracov\u00e1n\u00ed statistik n\u00e1v\u0161t\u011bvnosti webu<\/td>\n<td>Opr\u00e1vn\u011bn\u00fd z\u00e1jem<\/td>\n<td>26 m\u011bs\u00edc\u016f<\/td>\n<\/tr>\n<tr>\n<td>Provozn\u00ed protokoly<br \/>\n(IP adresy, webov\u00e9 po\u017eadavky, data prohl\u00ed\u017ee\u010de)<\/td>\n<td>Zaji\u0161t\u011bn\u00ed provozn\u00ed stability<\/td>\n<td>Nezbytn\u00e9 pro spln\u011bn\u00ed smlouvy<\/p>\n<p>Opr\u00e1vn\u011bn\u00fd z\u00e1jem<\/td>\n<td>6 m\u011bs\u00edc\u016f<\/td>\n<\/tr>\n<\/tbody>\n<\/table>\n<\/div>\n<p>&nbsp;<\/p>\n<p>&nbsp;<\/p>\n<h2>P\u0159\u00edjemci dat<\/h2>\n<p>M\u00e1me zavedena p\u0159\u00edsn\u00e1 pravidla stanovuj\u00edc\u00ed, kter\u00fd zam\u011bstnanec \u010di \u00fatvar m\u016f\u017ee m\u00edt p\u0159\u00edstup k Va\u0161im osobn\u00edm \u00fadaj\u016fm a jak\u00e9 osobn\u00ed \u00fadaje m\u016f\u017ee zpracov\u00e1vat. Va\u0161e osobn\u00ed \u00fadaje z\u00e1sadn\u011b nep\u0159ed\u00e1v\u00e1me 3. stran\u00e1m, s v\u00fdjimkou p\u0159\u00edpad\u016f, kdy m\u00e1me v\u00e1\u0161 souhlas, ukl\u00e1d\u00e1 n\u00e1m to nebo n\u00e1s k tomu oprav\u0148uje pr\u00e1vn\u00ed p\u0159edpis nebo n\u00e1\u0161 opr\u00e1vn\u011bn\u00fd z\u00e1jem (nap\u0159\u00edklad v p\u0159\u00edpad\u011b dodavatel\u016f nebo v p\u0159\u00edpad\u011b po\u017eadavk\u016f org\u00e1n\u016f \u010dinn\u00fdch v trestn\u00edm \u0159\u00edzen\u00ed, zpracov\u00e1n\u00ed a vyhodnocov\u00e1n\u00ed provozu apod.).<\/p>\n<p>V r\u00e1mci zpracov\u00e1n\u00ed dat o n\u00e1v\u0161t\u011bvnosti webu a vyhodnocen\u00ed na\u0161\u00ed podnikatelsk\u00e9 \u010dinnosti vyu\u017e\u00edv\u00e1me tzv. cookies soubory a syst\u00e9my n\u00e1sleduj\u00edc\u00edch 3. stran pro zpracov\u00e1n\u00ed sb\u00edran\u00fdch dat. Va\u0161e data jsou p\u0159itom anonymn\u00ed a p\u0159ed\u00e1v\u00e1n\u00ed se t\u00fdk\u00e1 pouze dat zji\u0161t\u011bn\u00fdch m\u011b\u0159\u00edc\u00edmi k\u00f3dy dan\u00fdch syst\u00e9m\u016f. N\u011bkte\u0159\u00ed poskytovatel\u00e9 p\u0159itom mohou b\u00fdt usazeni v 3. zem\u00edch.<\/p>\n<ul>\n<li>Statistick\u00e9 a analytick\u00e9 syst\u00e9my (Google Analytics,\u2026)<\/li>\n<li>Reklamn\u00ed syst\u00e9my (Google Adwords, Sklik, Facebook, \u2026)<\/li>\n<\/ul>\n<p>&nbsp;<\/p>\n<h2>Doba zpracov\u00e1n\u00ed<\/h2>\n<p>Dle platn\u00e9 legislativy (nap\u0159. z\u00e1kona 499\/2004 Sb., z\u00e1kon o archivnictv\u00ed a spisov\u00e9 slu\u017eb\u011b, z\u00e1kon o DPH \u010d. 235\/2004 Sb., z\u00e1kon o \u00fa\u010detnictv\u00ed \u010d. 563\/1991 Sb. a dal\u0161\u00edch) jsme povinni uchov\u00e1vat dokumenty ve stanoven\u00fdch lh\u016ft\u00e1ch a dle z\u00e1sad uchov\u00e1v\u00e1n\u00ed \u00fadaj\u016f. Po uplynut\u00ed stanoven\u00fdch dob budou Va\u0161e osobn\u00ed \u00fadaje nevratn\u011b smaz\u00e1ny a zlikvidov\u00e1ny.<\/p>\n<p>Jak\u00e9koli osobn\u00ed \u00fadaje, kter\u00e9 zpracov\u00e1v\u00e1me v\u00fdlu\u010dn\u011b na z\u00e1klad\u011b Va\u0161eho souhlasu, budeme zpracov\u00e1vat pouze do okam\u017eiku doru\u010den\u00ed p\u00edsemn\u00e9ho odvol\u00e1n\u00ed Va\u0161eho souhlasu, pop\u0159. vyu\u017eit\u00ed n\u011bkter\u00e9ho automatizovan\u00e9ho n\u00e1stroje na na\u0161em webu (nap\u0159. odhl\u00e1\u0161en\u00ed novinek).<\/p>\n<p>&nbsp;<\/p>\n<h2>Nechcete nebo nem\u016f\u017eete n\u00e1m sv\u00e9 \u00fadaje poskytnout?<\/h2>\n<p>Osobn\u00ed \u00fadaje, kter\u00e9 od V\u00e1s po\u017eadujeme, n\u00e1m m\u016f\u017eete odm\u00edtnout poskytnout. Pokud jde ale o takov\u00e9 \u00fadaje, jejich\u017e poskytnut\u00ed je z Va\u0161\u00ed strany nezbytn\u00e9 pro poskytov\u00e1n\u00ed na\u0161ich slu\u017eeb, nem\u016f\u017eeme v\u00e1m souvisej\u00edc\u00ed slu\u017ebu poskytnout.<\/p>\n<p>&nbsp;<\/p>\n<h2>Provozn\u00ed protokoly<\/h2>\n<p>Pokud nav\u0161t\u00edv\u00edte na\u0161e webov\u00e9 str\u00e1nky, na\u0161e servery (stejn\u011b jako v\u011bt\u0161ina webov\u00fdch str\u00e1nek) automaticky zaznamen\u00e1vaj\u00ed po\u017eadavky na na\u0161e webov\u00e9 str\u00e1nky. Tyto protokoly server\u016f obvykle obsahuj\u00ed informace o va\u0161em webov\u00e9m po\u017eadavku, IP adrese, \u00fadaj\u00edch prohl\u00ed\u017ee\u010de, jazyku prohl\u00ed\u017ee\u010de a datu a \u010dase po\u017eadavku. D\u00e1le mohou tak\u00e9 obsahovat jeden \u010di v\u00edce soubor\u016f cookie, kter\u00e9 jednozna\u010dn\u011b identifikuj\u00ed v\u00e1\u0161 prohl\u00ed\u017ee\u010d. P\u0159\u00edstup k t\u011bmto informac\u00edm maj\u00ed pouze administr\u00e1to\u0159i a tato data nikdy nebudou vyu\u017eita k p\u0159\u00edm\u00e9 identifikaci (slou\u017e\u00ed k odhalen\u00ed technick\u00fdch probl\u00e9m\u016f).<\/p>\n<p>&nbsp;<\/p>\n<h2>Va\u0161e pr\u00e1va<\/h2>\n<h3>Pr\u00e1vo na p\u0159\u00edstup k \u00fadaj\u016fm, kter\u00e9 o v\u00e1s zpracov\u00e1v\u00e1me<\/h3>\n<p>M\u00e1te pr\u00e1vo na p\u0159\u00edstup k \u00fadaj\u016fm a dal\u0161\u00ed souvisej\u00edc\u00ed informace. Pr\u00e1va t\u0159et\u00edch stran v\u0161ak t\u00edmto nesm\u00ed b\u00fdt dot\u010dena. Va\u0161e \u00fadaje V\u00e1m p\u0159ed\u00e1me z\u00e1sadn\u011b elektronickou formou v\u00fdpis\u016f po prokazateln\u00e9m ov\u011b\u0159en\u00ed Va\u0161\u00ed toto\u017enosti pro zachov\u00e1n\u00ed ochrany ostatn\u00edch subjekt\u016f \u00fadaj\u016f.<\/p>\n<p>&nbsp;<\/p>\n<h3>Pr\u00e1vo na opravu<\/h3>\n<p>V p\u0159\u00edpad\u011b, \u017ee jsou va\u0161e \u00fadaje nespr\u00e1vn\u00e9, nep\u0159esn\u00e9, m\u00e1te pr\u00e1vo si vy\u017e\u00e1dat jejich opravu. S p\u0159ihl\u00e9dnut\u00edm k \u00fa\u010del\u016fm, pro kter\u00e9 jsou \u00fadaje zpracov\u00e1v\u00e1ny, m\u00e1te pr\u00e1vo, abychom tak\u00e9 doplnili ne\u00fapln\u00e9 \u00fadaje.<\/p>\n<p>&nbsp;<\/p>\n<h3>Pr\u00e1vo na v\u00fdmaz (b\u00fdt zapomenut)<\/h3>\n<p>M\u00e1te pr\u00e1vo na v\u00fdmaz osobn\u00edch \u00fadaj\u016f, pokud je na\u0161e zpracov\u00e1n\u00ed neopr\u00e1vn\u011bn\u00e9.<\/p>\n<p>&nbsp;<\/p>\n<h3>Pr\u00e1vo na omezen\u00ed zpracov\u00e1n\u00ed<\/h3>\n<p>M\u00e1te pr\u00e1vo \u017e\u00e1dat omezen\u00ed zpracov\u00e1n\u00ed Va\u0161ich \u00fadaj\u016f dle \u010dl. 18 GDPR.<\/p>\n<p>&nbsp;<\/p>\n<h3>Pr\u00e1vo odvolat souhlas<\/h3>\n<p>V p\u0159\u00edpadech, kdy ke zpracov\u00e1n\u00ed va\u0161ich \u00fadaj\u016f vy\u017eadujeme V\u00e1\u0161 souhlas, jste opr\u00e1vn\u011bni tento souhlas kdykoli odvolat. Odvol\u00e1n\u00ed souhlasu nem\u00e1 vliv na zpracov\u00e1n\u00ed va\u0161ich \u00fadaj\u016f po dobu, co byl tento souhlas v\u00e1mi platn\u011b ud\u011blen, ani na zpracov\u00e1n\u00ed va\u0161ich \u00fadaj\u016f z jin\u00fdch pr\u00e1vn\u00edch d\u016fvod\u016f, pokud se aplikuj\u00ed (nap\u0159. dodr\u017eov\u00e1n\u00ed pr\u00e1vn\u00edch povinnost\u00ed nebo pro \u00fa\u010dely na\u0161ich opr\u00e1vn\u011bn\u00fdch z\u00e1jm\u016f).<\/p>\n<p>&nbsp;<\/p>\n<h2>Chcete omezit marketing?<\/h2>\n<p>Pokud jste n\u00e1m ud\u011blil souhlas pro marketing nebo v\u00e1m z jin\u00e9ho opr\u00e1vn\u011bn\u00e9ho titulu od n\u00e1s chod\u00ed obchodn\u00ed nab\u00eddky, m\u016f\u017eete sv\u016fj souhlas kdykoli odvolat nebo se ze zas\u00edl\u00e1n\u00ed nab\u00eddek odhl\u00e1sit n\u00e1sleduj\u00edc\u00edmi zp\u016fsoby:<\/p>\n<ul>\n<li>p\u0159\u00edmo v na\u0161ich obchodn\u00edch sd\u011blen\u00edch je v\u010dlen\u011bna mo\u017enost zastaven\u00ed jejich zas\u00edl\u00e1n\u00ed;<\/li>\n<li>m\u016f\u017eete n\u00e1m napsat, \u017ee odvol\u00e1v\u00e1te V\u00e1\u0161 souhlas.<\/li>\n<\/ul>\n<p>Dovolujeme si upozornit, \u017ee pokud omez\u00edte marketing, m\u016f\u017eeme v\u00e1s nad\u00e1le kontaktovat kv\u016fli realizaci objedn\u00e1vek, tedy m\u016f\u017eeme st\u00e1le vyu\u017e\u00edvat v\u00e1\u0161 kontakt za \u00fa\u010delem zas\u00edl\u00e1n\u00ed informac\u00ed souvisej\u00edc\u00edch s uskute\u010dn\u011bn\u00fdmi objedn\u00e1vkami a pro jin\u00e9 \u00fa\u010dely, ne\u017e je marketing.<\/p>\n<p>N\u00e1v\u0161t\u011bvn\u00edci na\u0161ich internetov\u00fdch str\u00e1nek mohou sv\u016fj souhlas se zpracov\u00e1n\u00edm cookies odvolat postupem uveden\u00fdm na internetov\u00fdch str\u00e1nk\u00e1ch.<\/p>\n<p>&nbsp;<\/p>\n<h2>Va\u0161e ochrana<\/h2>\n<p>Pokud se domn\u00edv\u00e1te, \u017ee jak\u00e9koli osobn\u00ed \u00fadaje, kter\u00e9 o V\u00e1s vedeme, jsou nespr\u00e1vn\u00e9 nebo ne\u00fapln\u00e9, nebo chcete uplatnit, kter\u00e9koli ze sv\u00fdch pr\u00e1v, obra\u0165te se na n\u00e1s.<\/p>\n<p>Pokud se domn\u00edv\u00e1te, \u017ee s Va\u0161imi osobn\u00edmi \u00fadaji nebylo zach\u00e1zeno p\u0159im\u011b\u0159en\u011b podle z\u00e1kona, m\u016f\u017eete kontaktovat \u00da\u0159ad pro ochranu osobn\u00edch \u00fadaj\u016f a podat st\u00ed\u017enost.<\/p>\n<p><strong>Na ochranu soukrom\u00ed a osobn\u00edch \u00fadaj\u016f dohl\u00ed\u017e\u00ed: <\/strong><\/p>\n<p>\u00da\u0159ad pro ochranu osobn\u00edch \u00fadaj\u016f adresa:<br \/>\nPplk. Sochora 27, 170 00 Praha 7<br \/>\ntel.: 234 665 111 web: <a href=\"https:\/\/www.uoou.cz\/\" target=\"_blank\" rel=\"noopener\">https:\/\/www.uoou.cz\/<\/a>[\/vc_column_text][\/vc_column][\/vc_row][\/vc_section]<\/p>\n","protected":false},"excerpt":{"rendered":"<p>[vc_section][vc_row full_width=&#8220;stretch_row&#8220; el_class=&#8220;pb-5 pt-5 light-bg&#8220;][vc_column css=&#8220;.vc_custom_1664957191547{margin-bottom: 29px !important;}&#8220;][vc_custom_heading text=&#8220;Ochrana osobn\u00edch \u00fadaj\u016f&#8220; font_container=&#8220;tag:h1|text_align:left&#8220; use_theme_fonts=&#8220;yes&#8220; el_class=&#8220;section-title&#8220;][\/vc_column][vc_column el_class=&#8220;pb-5&#8243;][vc_column_text]P\u0159e\u010dt\u011bte si na\u0161e pravidla pro ochranu [&hellip;]<\/p>\n","protected":false},"author":1,"featured_media":0,"parent":0,"menu_order":0,"comment_status":"closed","ping_status":"closed","template":"","meta":{"_acf_changed":false,"footnotes":""},"class_list":["post-42","page","type-page","status-publish","hentry"],"acf":[],"yoast_head":"<!-- This site is optimized with the Yoast SEO plugin v26.5 - https:\/\/yoast.com\/wordpress\/plugins\/seo\/ -->\n<title>Ochrana osobn\u00edch \u00fadaj\u016f - Park&amp;Shop Ostrava<\/title>\n<meta name=\"robots\" content=\"index, follow, max-snippet:-1, max-image-preview:large, max-video-preview:-1\" \/>\n<link rel=\"canonical\" href=\"https:\/\/parkshop.cz\/ostrava\/ochrana-osobnich-udaju\/\" \/>\n<meta property=\"og:locale\" content=\"cs_CZ\" \/>\n<meta property=\"og:type\" content=\"article\" \/>\n<meta property=\"og:title\" content=\"Ochrana osobn\u00edch \u00fadaj\u016f - Park&amp;Shop Ostrava\" \/>\n<meta property=\"og:description\" content=\"[vc_section][vc_row full_width=&#8220;stretch_row&#8220; el_class=&#8220;pb-5 pt-5 light-bg&#8220;][vc_column css=&#8220;.vc_custom_1664957191547{margin-bottom: 29px !important;}&#8220;][vc_custom_heading text=&#8220;Ochrana osobn\u00edch \u00fadaj\u016f&#8220; font_container=&#8220;tag:h1|text_align:left&#8220; use_theme_fonts=&#8220;yes&#8220; el_class=&#8220;section-title&#8220;][\/vc_column][vc_column el_class=&#8220;pb-5&#8243;][vc_column_text]P\u0159e\u010dt\u011bte si na\u0161e pravidla pro ochranu [&hellip;]\" \/>\n<meta property=\"og:url\" content=\"https:\/\/parkshop.cz\/ostrava\/ochrana-osobnich-udaju\/\" \/>\n<meta property=\"og:site_name\" content=\"Park&amp;Shop Ostrava\" \/>\n<meta property=\"article:modified_time\" content=\"2022-10-05T08:18:40+00:00\" \/>\n<meta name=\"twitter:card\" content=\"summary_large_image\" \/>\n<meta name=\"twitter:label1\" content=\"Odhadovan\u00e1 doba \u010dten\u00ed\" \/>\n\t<meta name=\"twitter:data1\" content=\"12 minut\" \/>\n<script type=\"application\/ld+json\" class=\"yoast-schema-graph\">{\"@context\":\"https:\/\/schema.org\",\"@graph\":[{\"@type\":\"WebPage\",\"@id\":\"https:\/\/parkshop.cz\/ostrava\/ochrana-osobnich-udaju\/\",\"url\":\"https:\/\/parkshop.cz\/ostrava\/ochrana-osobnich-udaju\/\",\"name\":\"Ochrana osobn\u00edch \u00fadaj\u016f - Park&amp;Shop Ostrava\",\"isPartOf\":{\"@id\":\"https:\/\/parkshop.cz\/ostrava\/#website\"},\"datePublished\":\"2022-08-23T09:30:28+00:00\",\"dateModified\":\"2022-10-05T08:18:40+00:00\",\"breadcrumb\":{\"@id\":\"https:\/\/parkshop.cz\/ostrava\/ochrana-osobnich-udaju\/#breadcrumb\"},\"inLanguage\":\"cs\",\"potentialAction\":[{\"@type\":\"ReadAction\",\"target\":[\"https:\/\/parkshop.cz\/ostrava\/ochrana-osobnich-udaju\/\"]}]},{\"@type\":\"BreadcrumbList\",\"@id\":\"https:\/\/parkshop.cz\/ostrava\/ochrana-osobnich-udaju\/#breadcrumb\",\"itemListElement\":[{\"@type\":\"ListItem\",\"position\":1,\"name\":\"Dom\u016f\",\"item\":\"https:\/\/parkshop.cz\/ostrava\/\"},{\"@type\":\"ListItem\",\"position\":2,\"name\":\"Ochrana osobn\u00edch \u00fadaj\u016f\"}]},{\"@type\":\"WebSite\",\"@id\":\"https:\/\/parkshop.cz\/ostrava\/#website\",\"url\":\"https:\/\/parkshop.cz\/ostrava\/\",\"name\":\"Park&amp;Shop Ostrava\",\"description\":\"\",\"publisher\":{\"@id\":\"https:\/\/parkshop.cz\/ostrava\/#organization\"},\"potentialAction\":[{\"@type\":\"SearchAction\",\"target\":{\"@type\":\"EntryPoint\",\"urlTemplate\":\"https:\/\/parkshop.cz\/ostrava\/?s={search_term_string}\"},\"query-input\":{\"@type\":\"PropertyValueSpecification\",\"valueRequired\":true,\"valueName\":\"search_term_string\"}}],\"inLanguage\":\"cs\"},{\"@type\":\"Organization\",\"@id\":\"https:\/\/parkshop.cz\/ostrava\/#organization\",\"name\":\"Park&amp;Shop Ostrava\",\"url\":\"https:\/\/parkshop.cz\/ostrava\/\",\"logo\":{\"@type\":\"ImageObject\",\"inLanguage\":\"cs\",\"@id\":\"https:\/\/parkshop.cz\/ostrava\/#\/schema\/logo\/image\/\",\"url\":\"https:\/\/parkshop.cz\/ostrava\/wp-content\/uploads\/2022\/10\/park_shop_logo.svg\",\"contentUrl\":\"https:\/\/parkshop.cz\/ostrava\/wp-content\/uploads\/2022\/10\/park_shop_logo.svg\",\"caption\":\"Park&amp;Shop Ostrava\"},\"image\":{\"@id\":\"https:\/\/parkshop.cz\/ostrava\/#\/schema\/logo\/image\/\"}}]}<\/script>\n<!-- \/ Yoast SEO plugin. -->","yoast_head_json":{"title":"Ochrana osobn\u00edch \u00fadaj\u016f - Park&amp;Shop Ostrava","robots":{"index":"index","follow":"follow","max-snippet":"max-snippet:-1","max-image-preview":"max-image-preview:large","max-video-preview":"max-video-preview:-1"},"canonical":"https:\/\/parkshop.cz\/ostrava\/ochrana-osobnich-udaju\/","og_locale":"cs_CZ","og_type":"article","og_title":"Ochrana osobn\u00edch \u00fadaj\u016f - Park&amp;Shop Ostrava","og_description":"[vc_section][vc_row full_width=&#8220;stretch_row&#8220; el_class=&#8220;pb-5 pt-5 light-bg&#8220;][vc_column css=&#8220;.vc_custom_1664957191547{margin-bottom: 29px !important;}&#8220;][vc_custom_heading text=&#8220;Ochrana osobn\u00edch \u00fadaj\u016f&#8220; font_container=&#8220;tag:h1|text_align:left&#8220; use_theme_fonts=&#8220;yes&#8220; el_class=&#8220;section-title&#8220;][\/vc_column][vc_column el_class=&#8220;pb-5&#8243;][vc_column_text]P\u0159e\u010dt\u011bte si na\u0161e pravidla pro ochranu [&hellip;]","og_url":"https:\/\/parkshop.cz\/ostrava\/ochrana-osobnich-udaju\/","og_site_name":"Park&amp;Shop Ostrava","article_modified_time":"2022-10-05T08:18:40+00:00","twitter_card":"summary_large_image","twitter_misc":{"Odhadovan\u00e1 doba \u010dten\u00ed":"12 minut"},"schema":{"@context":"https:\/\/schema.org","@graph":[{"@type":"WebPage","@id":"https:\/\/parkshop.cz\/ostrava\/ochrana-osobnich-udaju\/","url":"https:\/\/parkshop.cz\/ostrava\/ochrana-osobnich-udaju\/","name":"Ochrana osobn\u00edch \u00fadaj\u016f - Park&amp;Shop Ostrava","isPartOf":{"@id":"https:\/\/parkshop.cz\/ostrava\/#website"},"datePublished":"2022-08-23T09:30:28+00:00","dateModified":"2022-10-05T08:18:40+00:00","breadcrumb":{"@id":"https:\/\/parkshop.cz\/ostrava\/ochrana-osobnich-udaju\/#breadcrumb"},"inLanguage":"cs","potentialAction":[{"@type":"ReadAction","target":["https:\/\/parkshop.cz\/ostrava\/ochrana-osobnich-udaju\/"]}]},{"@type":"BreadcrumbList","@id":"https:\/\/parkshop.cz\/ostrava\/ochrana-osobnich-udaju\/#breadcrumb","itemListElement":[{"@type":"ListItem","position":1,"name":"Dom\u016f","item":"https:\/\/parkshop.cz\/ostrava\/"},{"@type":"ListItem","position":2,"name":"Ochrana osobn\u00edch \u00fadaj\u016f"}]},{"@type":"WebSite","@id":"https:\/\/parkshop.cz\/ostrava\/#website","url":"https:\/\/parkshop.cz\/ostrava\/","name":"Park&amp;Shop Ostrava","description":"","publisher":{"@id":"https:\/\/parkshop.cz\/ostrava\/#organization"},"potentialAction":[{"@type":"SearchAction","target":{"@type":"EntryPoint","urlTemplate":"https:\/\/parkshop.cz\/ostrava\/?s={search_term_string}"},"query-input":{"@type":"PropertyValueSpecification","valueRequired":true,"valueName":"search_term_string"}}],"inLanguage":"cs"},{"@type":"Organization","@id":"https:\/\/parkshop.cz\/ostrava\/#organization","name":"Park&amp;Shop Ostrava","url":"https:\/\/parkshop.cz\/ostrava\/","logo":{"@type":"ImageObject","inLanguage":"cs","@id":"https:\/\/parkshop.cz\/ostrava\/#\/schema\/logo\/image\/","url":"https:\/\/parkshop.cz\/ostrava\/wp-content\/uploads\/2022\/10\/park_shop_logo.svg","contentUrl":"https:\/\/parkshop.cz\/ostrava\/wp-content\/uploads\/2022\/10\/park_shop_logo.svg","caption":"Park&amp;Shop Ostrava"},"image":{"@id":"https:\/\/parkshop.cz\/ostrava\/#\/schema\/logo\/image\/"}}]}},"publishpress_future_action":{"enabled":false,"date":"2026-04-15 02:27:00","action":"change-status","newStatus":"draft","terms":[],"taxonomy":"","extraData":[]},"publishpress_future_workflow_manual_trigger":{"enabledWorkflows":[]},"_links":{"self":[{"href":"https:\/\/parkshop.cz\/ostrava\/wp-json\/wp\/v2\/pages\/42","targetHints":{"allow":["GET"]}}],"collection":[{"href":"https:\/\/parkshop.cz\/ostrava\/wp-json\/wp\/v2\/pages"}],"about":[{"href":"https:\/\/parkshop.cz\/ostrava\/wp-json\/wp\/v2\/types\/page"}],"author":[{"embeddable":true,"href":"https:\/\/parkshop.cz\/ostrava\/wp-json\/wp\/v2\/users\/1"}],"replies":[{"embeddable":true,"href":"https:\/\/parkshop.cz\/ostrava\/wp-json\/wp\/v2\/comments?post=42"}],"version-history":[{"count":8,"href":"https:\/\/parkshop.cz\/ostrava\/wp-json\/wp\/v2\/pages\/42\/revisions"}],"predecessor-version":[{"id":392,"href":"https:\/\/parkshop.cz\/ostrava\/wp-json\/wp\/v2\/pages\/42\/revisions\/392"}],"wp:attachment":[{"href":"https:\/\/parkshop.cz\/ostrava\/wp-json\/wp\/v2\/media?parent=42"}],"curies":[{"name":"wp","href":"https:\/\/api.w.org\/{rel}","templated":true}]}}