{"id":23,"date":"2022-08-23T11:21:05","date_gmt":"2022-08-23T09:21:05","guid":{"rendered":"http:\/\/nphana.cz.uvirt123.active24.cz\/?page_id=23"},"modified":"2023-07-17T16:12:05","modified_gmt":"2023-07-17T14:12:05","slug":"mapa-obchodu","status":"publish","type":"page","link":"https:\/\/parkshop.cz\/ostrava\/mapa-obchodu\/","title":{"rendered":"Mapa obchod\u016f"},"content":{"rendered":"<p>[vc_section css=&#8220;.vc_custom_1661935086175{margin-bottom: 105px !important;}&#8220; el_class=&#8220;animate&#8220;][vc_row][vc_column css=&#8220;.vc_custom_1661934995709{margin-bottom: 29px !important;}&#8220;][vc_custom_heading text=&#8220;Mapa obchod\u016f&#8220; font_container=&#8220;tag:h1|text_align:left&#8220; use_theme_fonts=&#8220;yes&#8220; el_class=&#8220;section-title&#8220;][\/vc_column][\/vc_row][vc_row][vc_column][vc_raw_html]JTNDZGl2JTIwY2xhc3MlM0QlMjJlbWJlZC1yZXNwb25zaXZlJTIwZW1iZWQtcmVzcG9uc2l2ZS0xNmJ5OSUyMiUzRSUwQSUyMCUyMCUzQ2lmcmFtZSUyMHNyYyUzRCUyMmh0dHBzJTNBJTJGJTJGbmF2aWdhY2Utdi1jZW50cnUuY3olMkZwYXJrc2hvcC1vc3RyYXZhJTJGd2ViJTIyJTNFJTNDJTJGaWZyYW1lJTNFJTBBJTNDJTJGZGl2JTNF[\/vc_raw_html][\/vc_column][\/vc_row][\/vc_section]<\/p>\n","protected":false},"excerpt":{"rendered":"<p>[vc_section css=&#8220;.vc_custom_1661935086175{margin-bottom: 105px !important;}&#8220; el_class=&#8220;animate&#8220;][vc_row][vc_column css=&#8220;.vc_custom_1661934995709{margin-bottom: 29px !important;}&#8220;][vc_custom_heading text=&#8220;Mapa obchod\u016f&#8220; font_container=&#8220;tag:h1|text_align:left&#8220; use_theme_fonts=&#8220;yes&#8220; el_class=&#8220;section-title&#8220;][\/vc_column][\/vc_row][vc_row][vc_column][vc_raw_html]JTNDZGl2JTIwY2xhc3MlM0QlMjJlbWJlZC1yZXNwb25zaXZlJTIwZW1iZWQtcmVzcG9uc2l2ZS0xNmJ5OSUyMiUzRSUwQSUyMCUyMCUzQ2lmcmFtZSUyMHNyYyUzRCUyMmh0dHBzJTNBJTJGJTJGbmF2aWdhY2Utdi1jZW50cnUuY3olMkZwYXJrc2hvcC1vc3RyYXZhJTJGd2ViJTIyJTNFJTNDJTJGaWZyYW1lJTNFJTBBJTNDJTJGZGl2JTNF[\/vc_raw_html][\/vc_column][\/vc_row][\/vc_section]<\/p>\n","protected":false},"author":1,"featured_media":0,"parent":0,"menu_order":0,"comment_status":"closed","ping_status":"closed","template":"","meta":{"_acf_changed":false,"footnotes":""},"class_list":["post-23","page","type-page","status-publish","hentry"],"acf":[],"yoast_head":"<!-- This site is optimized with the Yoast SEO plugin v26.5 - https:\/\/yoast.com\/wordpress\/plugins\/seo\/ -->\n<title>Mapa obchod\u016f - Park&amp;Shop Ostrava<\/title>\n<meta name=\"robots\" content=\"index, follow, max-snippet:-1, max-image-preview:large, max-video-preview:-1\" \/>\n<link rel=\"canonical\" href=\"https:\/\/parkshop.cz\/ostrava\/mapa-obchodu\/\" \/>\n<meta property=\"og:locale\" content=\"cs_CZ\" \/>\n<meta property=\"og:type\" content=\"article\" \/>\n<meta property=\"og:title\" content=\"Mapa obchod\u016f - Park&amp;Shop Ostrava\" \/>\n<meta property=\"og:description\" content=\"[vc_section css=&#8220;.vc_custom_1661935086175{margin-bottom: 105px !important;}&#8220; el_class=&#8220;animate&#8220;][vc_row][vc_column css=&#8220;.vc_custom_1661934995709{margin-bottom: 29px !important;}&#8220;][vc_custom_heading text=&#8220;Mapa obchod\u016f&#8220; font_container=&#8220;tag:h1|text_align:left&#8220; use_theme_fonts=&#8220;yes&#8220; el_class=&#8220;section-title&#8220;][\/vc_column][\/vc_row][vc_row][vc_column][vc_raw_html]JTNDZGl2JTIwY2xhc3MlM0QlMjJlbWJlZC1yZXNwb25zaXZlJTIwZW1iZWQtcmVzcG9uc2l2ZS0xNmJ5OSUyMiUzRSUwQSUyMCUyMCUzQ2lmcmFtZSUyMHNyYyUzRCUyMmh0dHBzJTNBJTJGJTJGbmF2aWdhY2Utdi1jZW50cnUuY3olMkZwYXJrc2hvcC1vc3RyYXZhJTJGd2ViJTIyJTNFJTNDJTJGaWZyYW1lJTNFJTBBJTNDJTJGZGl2JTNF[\/vc_raw_html][\/vc_column][\/vc_row][\/vc_section]\" \/>\n<meta property=\"og:url\" content=\"https:\/\/parkshop.cz\/ostrava\/mapa-obchodu\/\" \/>\n<meta property=\"og:site_name\" content=\"Park&amp;Shop Ostrava\" \/>\n<meta property=\"article:modified_time\" content=\"2023-07-17T14:12:05+00:00\" \/>\n<meta name=\"twitter:card\" content=\"summary_large_image\" \/>\n<meta name=\"twitter:label1\" content=\"Odhadovan\u00e1 doba \u010dten\u00ed\" \/>\n\t<meta name=\"twitter:data1\" content=\"1 minuta\" \/>\n<script type=\"application\/ld+json\" class=\"yoast-schema-graph\">{\"@context\":\"https:\/\/schema.org\",\"@graph\":[{\"@type\":\"WebPage\",\"@id\":\"https:\/\/parkshop.cz\/ostrava\/mapa-obchodu\/\",\"url\":\"https:\/\/parkshop.cz\/ostrava\/mapa-obchodu\/\",\"name\":\"Mapa obchod\u016f - Park&amp;Shop Ostrava\",\"isPartOf\":{\"@id\":\"https:\/\/parkshop.cz\/ostrava\/#website\"},\"datePublished\":\"2022-08-23T09:21:05+00:00\",\"dateModified\":\"2023-07-17T14:12:05+00:00\",\"breadcrumb\":{\"@id\":\"https:\/\/parkshop.cz\/ostrava\/mapa-obchodu\/#breadcrumb\"},\"inLanguage\":\"cs\",\"potentialAction\":[{\"@type\":\"ReadAction\",\"target\":[\"https:\/\/parkshop.cz\/ostrava\/mapa-obchodu\/\"]}]},{\"@type\":\"BreadcrumbList\",\"@id\":\"https:\/\/parkshop.cz\/ostrava\/mapa-obchodu\/#breadcrumb\",\"itemListElement\":[{\"@type\":\"ListItem\",\"position\":1,\"name\":\"Dom\u016f\",\"item\":\"https:\/\/parkshop.cz\/ostrava\/\"},{\"@type\":\"ListItem\",\"position\":2,\"name\":\"Mapa obchod\u016f\"}]},{\"@type\":\"WebSite\",\"@id\":\"https:\/\/parkshop.cz\/ostrava\/#website\",\"url\":\"https:\/\/parkshop.cz\/ostrava\/\",\"name\":\"Park&amp;Shop Ostrava\",\"description\":\"\",\"publisher\":{\"@id\":\"https:\/\/parkshop.cz\/ostrava\/#organization\"},\"potentialAction\":[{\"@type\":\"SearchAction\",\"target\":{\"@type\":\"EntryPoint\",\"urlTemplate\":\"https:\/\/parkshop.cz\/ostrava\/?s={search_term_string}\"},\"query-input\":{\"@type\":\"PropertyValueSpecification\",\"valueRequired\":true,\"valueName\":\"search_term_string\"}}],\"inLanguage\":\"cs\"},{\"@type\":\"Organization\",\"@id\":\"https:\/\/parkshop.cz\/ostrava\/#organization\",\"name\":\"Park&amp;Shop Ostrava\",\"url\":\"https:\/\/parkshop.cz\/ostrava\/\",\"logo\":{\"@type\":\"ImageObject\",\"inLanguage\":\"cs\",\"@id\":\"https:\/\/parkshop.cz\/ostrava\/#\/schema\/logo\/image\/\",\"url\":\"https:\/\/parkshop.cz\/ostrava\/wp-content\/uploads\/2022\/10\/park_shop_logo.svg\",\"contentUrl\":\"https:\/\/parkshop.cz\/ostrava\/wp-content\/uploads\/2022\/10\/park_shop_logo.svg\",\"caption\":\"Park&amp;Shop Ostrava\"},\"image\":{\"@id\":\"https:\/\/parkshop.cz\/ostrava\/#\/schema\/logo\/image\/\"}}]}<\/script>\n<!-- \/ Yoast SEO plugin. -->","yoast_head_json":{"title":"Mapa obchod\u016f - Park&amp;Shop Ostrava","robots":{"index":"index","follow":"follow","max-snippet":"max-snippet:-1","max-image-preview":"max-image-preview:large","max-video-preview":"max-video-preview:-1"},"canonical":"https:\/\/parkshop.cz\/ostrava\/mapa-obchodu\/","og_locale":"cs_CZ","og_type":"article","og_title":"Mapa obchod\u016f - Park&amp;Shop Ostrava","og_description":"[vc_section css=&#8220;.vc_custom_1661935086175{margin-bottom: 105px !important;}&#8220; el_class=&#8220;animate&#8220;][vc_row][vc_column css=&#8220;.vc_custom_1661934995709{margin-bottom: 29px !important;}&#8220;][vc_custom_heading text=&#8220;Mapa obchod\u016f&#8220; font_container=&#8220;tag:h1|text_align:left&#8220; use_theme_fonts=&#8220;yes&#8220; el_class=&#8220;section-title&#8220;][\/vc_column][\/vc_row][vc_row][vc_column][vc_raw_html]JTNDZGl2JTIwY2xhc3MlM0QlMjJlbWJlZC1yZXNwb25zaXZlJTIwZW1iZWQtcmVzcG9uc2l2ZS0xNmJ5OSUyMiUzRSUwQSUyMCUyMCUzQ2lmcmFtZSUyMHNyYyUzRCUyMmh0dHBzJTNBJTJGJTJGbmF2aWdhY2Utdi1jZW50cnUuY3olMkZwYXJrc2hvcC1vc3RyYXZhJTJGd2ViJTIyJTNFJTNDJTJGaWZyYW1lJTNFJTBBJTNDJTJGZGl2JTNF[\/vc_raw_html][\/vc_column][\/vc_row][\/vc_section]","og_url":"https:\/\/parkshop.cz\/ostrava\/mapa-obchodu\/","og_site_name":"Park&amp;Shop Ostrava","article_modified_time":"2023-07-17T14:12:05+00:00","twitter_card":"summary_large_image","twitter_misc":{"Odhadovan\u00e1 doba \u010dten\u00ed":"1 minuta"},"schema":{"@context":"https:\/\/schema.org","@graph":[{"@type":"WebPage","@id":"https:\/\/parkshop.cz\/ostrava\/mapa-obchodu\/","url":"https:\/\/parkshop.cz\/ostrava\/mapa-obchodu\/","name":"Mapa obchod\u016f - Park&amp;Shop Ostrava","isPartOf":{"@id":"https:\/\/parkshop.cz\/ostrava\/#website"},"datePublished":"2022-08-23T09:21:05+00:00","dateModified":"2023-07-17T14:12:05+00:00","breadcrumb":{"@id":"https:\/\/parkshop.cz\/ostrava\/mapa-obchodu\/#breadcrumb"},"inLanguage":"cs","potentialAction":[{"@type":"ReadAction","target":["https:\/\/parkshop.cz\/ostrava\/mapa-obchodu\/"]}]},{"@type":"BreadcrumbList","@id":"https:\/\/parkshop.cz\/ostrava\/mapa-obchodu\/#breadcrumb","itemListElement":[{"@type":"ListItem","position":1,"name":"Dom\u016f","item":"https:\/\/parkshop.cz\/ostrava\/"},{"@type":"ListItem","position":2,"name":"Mapa obchod\u016f"}]},{"@type":"WebSite","@id":"https:\/\/parkshop.cz\/ostrava\/#website","url":"https:\/\/parkshop.cz\/ostrava\/","name":"Park&amp;Shop Ostrava","description":"","publisher":{"@id":"https:\/\/parkshop.cz\/ostrava\/#organization"},"potentialAction":[{"@type":"SearchAction","target":{"@type":"EntryPoint","urlTemplate":"https:\/\/parkshop.cz\/ostrava\/?s={search_term_string}"},"query-input":{"@type":"PropertyValueSpecification","valueRequired":true,"valueName":"search_term_string"}}],"inLanguage":"cs"},{"@type":"Organization","@id":"https:\/\/parkshop.cz\/ostrava\/#organization","name":"Park&amp;Shop Ostrava","url":"https:\/\/parkshop.cz\/ostrava\/","logo":{"@type":"ImageObject","inLanguage":"cs","@id":"https:\/\/parkshop.cz\/ostrava\/#\/schema\/logo\/image\/","url":"https:\/\/parkshop.cz\/ostrava\/wp-content\/uploads\/2022\/10\/park_shop_logo.svg","contentUrl":"https:\/\/parkshop.cz\/ostrava\/wp-content\/uploads\/2022\/10\/park_shop_logo.svg","caption":"Park&amp;Shop Ostrava"},"image":{"@id":"https:\/\/parkshop.cz\/ostrava\/#\/schema\/logo\/image\/"}}]}},"publishpress_future_action":{"enabled":false,"date":"2026-04-16 11:10:54","action":"change-status","newStatus":"draft","terms":[],"taxonomy":"","extraData":[]},"publishpress_future_workflow_manual_trigger":{"enabledWorkflows":[]},"_links":{"self":[{"href":"https:\/\/parkshop.cz\/ostrava\/wp-json\/wp\/v2\/pages\/23","targetHints":{"allow":["GET"]}}],"collection":[{"href":"https:\/\/parkshop.cz\/ostrava\/wp-json\/wp\/v2\/pages"}],"about":[{"href":"https:\/\/parkshop.cz\/ostrava\/wp-json\/wp\/v2\/types\/page"}],"author":[{"embeddable":true,"href":"https:\/\/parkshop.cz\/ostrava\/wp-json\/wp\/v2\/users\/1"}],"replies":[{"embeddable":true,"href":"https:\/\/parkshop.cz\/ostrava\/wp-json\/wp\/v2\/comments?post=23"}],"version-history":[{"count":14,"href":"https:\/\/parkshop.cz\/ostrava\/wp-json\/wp\/v2\/pages\/23\/revisions"}],"predecessor-version":[{"id":544,"href":"https:\/\/parkshop.cz\/ostrava\/wp-json\/wp\/v2\/pages\/23\/revisions\/544"}],"wp:attachment":[{"href":"https:\/\/parkshop.cz\/ostrava\/wp-json\/wp\/v2\/media?parent=23"}],"curies":[{"name":"wp","href":"https:\/\/api.w.org\/{rel}","templated":true}]}}