{"id":884,"date":"2026-01-05T13:43:33","date_gmt":"2026-01-05T12:43:33","guid":{"rendered":"https:\/\/parkshop.cz\/olomouc\/?page_id=884"},"modified":"2026-01-06T16:00:36","modified_gmt":"2026-01-06T15:00:36","slug":"verejne-dobijeni-elektromobilu","status":"publish","type":"page","link":"https:\/\/parkshop.cz\/olomouc\/verejne-dobijeni-elektromobilu\/","title":{"rendered":"Ve\u0159ejn\u00e9 dob\u00edjen\u00ed elektromobil\u016f"},"content":{"rendered":"<h3><strong>Park&amp;shop Olomouc nab\u00edz\u00ed z\u00e1kazn\u00edk\u016fm ultrarychl\u00e9 dob\u00edjen\u00ed elektroaut! <\/strong><\/h3>\n<h3><a href=\"https:\/\/futurego.cz\/verejne-dobijeni\"><strong><img loading=\"lazy\" decoding=\"async\" class=\"wp-image-885 size-full alignnone\" src=\"https:\/\/parkshop.cz\/olomouc\/wp-content\/uploads\/sites\/2\/2026\/01\/futurego.jpg\" alt=\"\" width=\"201\" height=\"84\" \/><\/strong><\/a><\/h3>\n<p><strong>Na parkovi\u0161ti are\u00e1lu Park&amp;shop Olomouc mohou \u0159idi\u010di elektromobil\u016f vyu\u017e\u00edvat sedm stojan\u016f pro dopl\u0148ov\u00e1n\u00ed energie sv\u00fdch aut. Tak m\u016f\u017ee v jednu chv\u00edli u n\u00e1kupn\u00edho centra dob\u00edjet 11 elektroaut!<\/strong><\/p>\n<p>Pro dob\u00edjen\u00ed u stojan\u016f ABB se lid\u00e9 mohou identifikovat pomoc\u00ed RFID \u010dipu nebo mobiln\u00ed aplikace, kter\u00e1 spolu s webov\u00fdm rozhran\u00edm, tzv. futurego \u00fa\u010dtem, umo\u017e\u0148uje pohodlnou spr\u00e1vu jejich \u00fa\u010dt\u016f. Mobiln\u00ed aplikace futurego \u0159idi\u010d\u016fm pom\u016f\u017ee tak\u00e9 t\u0159eba s vyhled\u00e1n\u00edm nejbli\u017e\u0161\u00edho dob\u00edjec\u00edho m\u00edsta v\u010detn\u011b aktu\u00e1ln\u00ed obsazenosti stojan\u016f. T\u011bch je u Park&amp;shop Olomouc celkem sedm. T\u0159i nejrychlej\u0161\u00ed, ka\u017ed\u00e1 <strong>o v\u00fdkonu 180 kW um\u00ed b\u011bhem 10 minut doplnit baterie aut na dal\u0161\u00edch 150 km j\u00edzdy<\/strong>. Dal\u0161\u00ed \u010dtve\u0159ice stojan\u016f disponuje v\u00fdkonem 50 kW s dobou dobit\u00ed v\u011bt\u0161iny kapacity bateri\u00ed auta zhruba do hodiny.<\/p>\n<p>&nbsp;<\/p>\n<p><img loading=\"lazy\" decoding=\"async\" width=\"1020\" height=\"496\" class=\"alignnone size-full wp-image-902\"\n     src=\"https:\/\/parkshop.cz\/olomouc\/wp-content\/uploads\/sites\/2\/2026\/01\/IMG_20250616_114238.jpg\"\n     alt=\"\"\n     style=\"width:100%; max-width:100%; height:auto;\" srcset=\"https:\/\/parkshop.cz\/olomouc\/wp-content\/uploads\/sites\/2\/2026\/01\/IMG_20250616_114238.jpg 1020w, https:\/\/parkshop.cz\/olomouc\/wp-content\/uploads\/sites\/2\/2026\/01\/IMG_20250616_114238-300x146.jpg 300w, https:\/\/parkshop.cz\/olomouc\/wp-content\/uploads\/sites\/2\/2026\/01\/IMG_20250616_114238-960x467.jpg 960w, https:\/\/parkshop.cz\/olomouc\/wp-content\/uploads\/sites\/2\/2026\/01\/IMG_20250616_114238-768x373.jpg 768w, https:\/\/parkshop.cz\/olomouc\/wp-content\/uploads\/sites\/2\/2026\/01\/IMG_20250616_114238-480x233.jpg 480w, https:\/\/parkshop.cz\/olomouc\/wp-content\/uploads\/sites\/2\/2026\/01\/IMG_20250616_114238-540x263.jpg 540w, https:\/\/parkshop.cz\/olomouc\/wp-content\/uploads\/sites\/2\/2026\/01\/IMG_20250616_114238-720x350.jpg 720w\" sizes=\"auto, (max-width: 1020px) 100vw, 1020px\" \/><\/p>\n<p>&nbsp;<\/p>\n<p>V \u010cesk\u00e9 republice u\u017e jezd\u00ed hodn\u011b p\u0159es 40 tis\u00edc \u010dist\u011b bateriov\u00fdch aut a zhruba stejn\u00fd po\u010det tzv. hybrid\u016f, aut s kombinovan\u00fdm pohonem. \u010cEZ tento rychl\u00fd rozvoj podporuje akcelerovanou v\u00fdstavbou des\u00edtek nov\u00fdch stojan\u016f po cel\u00e9 \u010cesk\u00e9 republice. Po\u010det stanic v s\u00edti se zat\u00edm letos zvedl z 840 na t\u00e9m\u011b\u0159 950. V prvn\u00edm pololet\u00ed \u0159idi\u010di v dob\u00edjec\u00ed s\u00edti futurego na\u010derpali rekordn\u00edch v\u00edce ne\u017e 6,2 milionu kWh certifikovan\u00e9 zelen\u00e9 elekt\u0159iny, za cel\u00fd rok to bude v\u00fdrazn\u011b p\u0159es 13 milion\u016f kWh. \u0158idi\u010di u \u010cEZ na\u010derpaj\u00ed energii v pr\u016fm\u011bru nejrychleji v cel\u00e9 \u010cR, a to d\u00edky nejvy\u0161\u0161\u00edmu v\u00fdkonu cel\u00e9 s\u00edt\u011b stojan\u016f. Kl\u00ed\u010dem k udr\u017een\u00ed pozice \u010desk\u00e9ho l\u00eddra ve slu\u017eb\u00e1ch ve\u0159ejn\u00e9ho dob\u00edjen\u00ed je hlavn\u011b pokra\u010duj\u00edc\u00ed v\u00fdstavba velk\u00fdch hub\u016f s v\u011bt\u0161\u00edm po\u010dtem vysokorychlostn\u00edch stanic o v\u00fdkonu a\u017e 360 kW. Pr\u00e1v\u011b kombinace velk\u00fdch hub\u016f a ultrarychl\u00fdch stanic, jak\u00e1 je k vid\u011bn\u00ed i u Park&amp;shop Olomouc, p\u0159in\u00e1\u0161\u00ed \u0159idi\u010d\u016fm v\u00fdrazn\u00e9 zkr\u00e1cen\u00ed celkov\u00fdch \u010das\u016f dob\u00edjen\u00ed.<\/p>\n<p>\u201eSna\u017e\u00edme se stanice stav\u011bt ve frekventovan\u00fdch lokalit\u00e1ch a zvy\u0161ovat po\u010det hub\u016f sest\u00e1vaj\u00edc\u00edch z minim\u00e1ln\u011b t\u0159\u00ed ultrarychl\u00fdch stojan\u016f. Takov\u00fdch lokalit chceme po cel\u00e9 republice nab\u00edzet do konce roku p\u0159es \u010dty\u0159icet. Ke kvalit\u011b \u0159e\u0161en\u00ed samoz\u0159ejm\u011b pat\u0159\u00ed i odpov\u00eddaj\u00edc\u00ed z\u00e1zem\u00ed, kter\u00e9 jednotliv\u00e1 m\u00edsta \u0159idi\u010d\u016fm b\u011bhem dob\u00edjen\u00ed poskytuj\u00ed. D\u00edky \u0161irok\u00e9 s\u00edti infrastrukturn\u00edch partner\u016f v \u010dele s obchodn\u00edmi \u0159et\u011bzci, restauracemi a s\u00edt\u011bmi \u010derpac\u00edch stanic se n\u00e1m nastaven\u00fd standard da\u0159\u00ed dr\u017eet. V\u0161echny tyto \u0159et\u011bzce se nav\u00edc nau\u010dily ch\u00e1pat \u0159idi\u010de elektromobil\u016f jako zaj\u00edmavou novou c\u00edlovou skupinu,\u201c \u0159\u00edk\u00e1 mana\u017eer \u00fatvaru realizace a spr\u00e1va dob\u00edjec\u00edch stanic \u010cEZ Tom\u00e1\u0161 Chmel\u00edk.<\/p>\n<p>\u201eNa \u010desk\u00fdch silnic\u00edch roste po\u010det nov\u00fdch model\u016f elektromobil\u016f s v\u011bt\u0161\u00ed kapacitou bateri\u00ed a del\u0161\u00edmi dojezdy. Jejich \u0159idi\u010di cht\u011bj\u00ed nab\u00edjet bez zbyte\u010dn\u00fdch prodlev a m\u00edt v bateri\u00edch dostate\u010dnou rezervu. Jako provozovatel nejv\u011bt\u0161\u00ed a nejv\u00fdkonn\u011bj\u0161\u00ed \u010desk\u00e9 ve\u0159ejn\u00e9 dob\u00edjec\u00ed s\u00edt\u011b jdeme t\u011bmto trend\u016fm vst\u0159\u00edc akcelerovanou v\u00fdstavbou ultrarychl\u00fdch stanic, t\u011bch u\u017e nab\u00edz\u00edme v\u00edce ne\u017e 130. Leto\u0161n\u00edm na\u0161\u00edm c\u00edlem z\u016fst\u00e1v\u00e1 dosa\u017een\u00ed hranice 1 000 stanic v s\u00edti, zv\u00fd\u0161en\u00ed jej\u00edho celkov\u00e9ho v\u00fdkonu nad 100 MW a r\u016fst pod\u00edlu v\u00fdkonu ultrarychl\u00fdch stojan\u016f na 45 procent,\u201c dopl\u0148uje Martin Schejbal, mana\u017eer \u00fatvaru dob\u00edjec\u00ed slu\u017eby \u010cEZ.<\/p>\n<p><strong>Zaj\u00edmavosti o s\u00edti dob\u00edjec\u00edch stanic \u010cEZ<\/strong><\/p>\n<ul>\n<li>S\u00ed\u0165 m\u016f\u017ee v jednom okam\u017eiku dod\u00e1vat ekologickou energii do bateri\u00ed asi 1 900 elektromobil\u016f.<\/li>\n<li>Pr\u016fm\u011brn\u00fd odb\u011br elekt\u0159iny p\u0159i jednom \u201etankov\u00e1n\u00ed\u201c se letos pohybuje okolo 23 kWh.<\/li>\n<li>V Olomouck\u00e9m kraji maj\u00ed \u0159idi\u010di k dispozici asi 40 dob\u00edjec\u00edch stanic \u010cEZ, z toho v samotn\u00e9 Olomouci a okol\u00ed p\u0159es 15.<\/li>\n<li>Kompletn\u00ed p\u0159ehled stanic v s\u00edti Mapa dob\u00edjec\u00edch stanic | Futurego.cz<\/li>\n<\/ul>\n<p>V\u00edce info a cen\u00edk zde <a href=\"https:\/\/futurego.cz\/verejne-dobijeni\">https:\/\/futurego.cz\/verejne-dobijeni<\/a><\/p>\n<p>&nbsp;<\/p>\n<p>&nbsp;<\/p>\n<p>&nbsp;<\/p>\n","protected":false},"excerpt":{"rendered":"<p>Park&amp;shop Olomouc nab\u00edz\u00ed z\u00e1kazn\u00edk\u016fm ultrarychl\u00e9 dob\u00edjen\u00ed elektroaut! Na parkovi\u0161ti are\u00e1lu Park&amp;shop Olomouc mohou \u0159idi\u010di elektromobil\u016f vyu\u017e\u00edvat sedm stojan\u016f pro dopl\u0148ov\u00e1n\u00ed [&hellip;]<\/p>\n","protected":false},"author":2,"featured_media":885,"parent":0,"menu_order":0,"comment_status":"closed","ping_status":"closed","template":"","meta":{"_acf_changed":false,"footnotes":""},"class_list":["post-884","page","type-page","status-publish","has-post-thumbnail","hentry"],"acf":[],"yoast_head":"<!-- This site is optimized with the Yoast SEO plugin v26.5 - https:\/\/yoast.com\/wordpress\/plugins\/seo\/ -->\n<title>Ve\u0159ejn\u00e9 dob\u00edjen\u00ed elektromobil\u016f - Park&amp;Shop Olomouc<\/title>\n<meta name=\"robots\" content=\"index, follow, max-snippet:-1, max-image-preview:large, max-video-preview:-1\" \/>\n<link rel=\"canonical\" href=\"https:\/\/parkshop.cz\/olomouc\/verejne-dobijeni-elektromobilu\/\" \/>\n<meta property=\"og:locale\" content=\"cs_CZ\" \/>\n<meta property=\"og:type\" content=\"article\" \/>\n<meta property=\"og:title\" content=\"Ve\u0159ejn\u00e9 dob\u00edjen\u00ed elektromobil\u016f - Park&amp;Shop Olomouc\" \/>\n<meta property=\"og:description\" content=\"Park&amp;shop Olomouc nab\u00edz\u00ed z\u00e1kazn\u00edk\u016fm ultrarychl\u00e9 dob\u00edjen\u00ed elektroaut! Na parkovi\u0161ti are\u00e1lu Park&amp;shop Olomouc mohou \u0159idi\u010di elektromobil\u016f vyu\u017e\u00edvat sedm stojan\u016f pro dopl\u0148ov\u00e1n\u00ed [&hellip;]\" \/>\n<meta property=\"og:url\" content=\"https:\/\/parkshop.cz\/olomouc\/verejne-dobijeni-elektromobilu\/\" \/>\n<meta property=\"og:site_name\" content=\"Park&amp;Shop Olomouc\" \/>\n<meta property=\"article:modified_time\" content=\"2026-01-06T15:00:36+00:00\" \/>\n<meta property=\"og:image\" content=\"https:\/\/parkshop.cz\/olomouc\/wp-content\/uploads\/sites\/2\/2026\/01\/futurego.jpg\" \/>\n\t<meta property=\"og:image:width\" content=\"201\" \/>\n\t<meta property=\"og:image:height\" content=\"84\" \/>\n\t<meta property=\"og:image:type\" content=\"image\/jpeg\" \/>\n<meta name=\"twitter:card\" content=\"summary_large_image\" \/>\n<meta name=\"twitter:label1\" content=\"Odhadovan\u00e1 doba \u010dten\u00ed\" \/>\n\t<meta name=\"twitter:data1\" content=\"4 minuty\" \/>\n<script type=\"application\/ld+json\" class=\"yoast-schema-graph\">{\"@context\":\"https:\/\/schema.org\",\"@graph\":[{\"@type\":\"WebPage\",\"@id\":\"https:\/\/parkshop.cz\/olomouc\/verejne-dobijeni-elektromobilu\/\",\"url\":\"https:\/\/parkshop.cz\/olomouc\/verejne-dobijeni-elektromobilu\/\",\"name\":\"Ve\u0159ejn\u00e9 dob\u00edjen\u00ed elektromobil\u016f - Park&Shop Olomouc\",\"isPartOf\":{\"@id\":\"https:\/\/parkshop.cz\/olomouc\/#website\"},\"primaryImageOfPage\":{\"@id\":\"https:\/\/parkshop.cz\/olomouc\/verejne-dobijeni-elektromobilu\/#primaryimage\"},\"image\":{\"@id\":\"https:\/\/parkshop.cz\/olomouc\/verejne-dobijeni-elektromobilu\/#primaryimage\"},\"thumbnailUrl\":\"https:\/\/parkshop.cz\/olomouc\/wp-content\/uploads\/sites\/2\/2026\/01\/futurego.jpg\",\"datePublished\":\"2026-01-05T12:43:33+00:00\",\"dateModified\":\"2026-01-06T15:00:36+00:00\",\"breadcrumb\":{\"@id\":\"https:\/\/parkshop.cz\/olomouc\/verejne-dobijeni-elektromobilu\/#breadcrumb\"},\"inLanguage\":\"cs\",\"potentialAction\":[{\"@type\":\"ReadAction\",\"target\":[\"https:\/\/parkshop.cz\/olomouc\/verejne-dobijeni-elektromobilu\/\"]}]},{\"@type\":\"ImageObject\",\"inLanguage\":\"cs\",\"@id\":\"https:\/\/parkshop.cz\/olomouc\/verejne-dobijeni-elektromobilu\/#primaryimage\",\"url\":\"https:\/\/parkshop.cz\/olomouc\/wp-content\/uploads\/sites\/2\/2026\/01\/futurego.jpg\",\"contentUrl\":\"https:\/\/parkshop.cz\/olomouc\/wp-content\/uploads\/sites\/2\/2026\/01\/futurego.jpg\",\"width\":201,\"height\":84},{\"@type\":\"BreadcrumbList\",\"@id\":\"https:\/\/parkshop.cz\/olomouc\/verejne-dobijeni-elektromobilu\/#breadcrumb\",\"itemListElement\":[{\"@type\":\"ListItem\",\"position\":1,\"name\":\"Dom\u016f\",\"item\":\"https:\/\/parkshop.cz\/olomouc\/\"},{\"@type\":\"ListItem\",\"position\":2,\"name\":\"Ve\u0159ejn\u00e9 dob\u00edjen\u00ed elektromobil\u016f\"}]},{\"@type\":\"WebSite\",\"@id\":\"https:\/\/parkshop.cz\/olomouc\/#website\",\"url\":\"https:\/\/parkshop.cz\/olomouc\/\",\"name\":\"Park&Shop Olomouc\",\"description\":\"Nejv\u011bt\u0161\u00ed n\u00e1kupn\u00ed park v regionu\",\"publisher\":{\"@id\":\"https:\/\/parkshop.cz\/olomouc\/#organization\"},\"potentialAction\":[{\"@type\":\"SearchAction\",\"target\":{\"@type\":\"EntryPoint\",\"urlTemplate\":\"https:\/\/parkshop.cz\/olomouc\/?s={search_term_string}\"},\"query-input\":{\"@type\":\"PropertyValueSpecification\",\"valueRequired\":true,\"valueName\":\"search_term_string\"}}],\"inLanguage\":\"cs\"},{\"@type\":\"Organization\",\"@id\":\"https:\/\/parkshop.cz\/olomouc\/#organization\",\"name\":\"Park&Shop Olomouc\",\"url\":\"https:\/\/parkshop.cz\/olomouc\/\",\"logo\":{\"@type\":\"ImageObject\",\"inLanguage\":\"cs\",\"@id\":\"https:\/\/parkshop.cz\/olomouc\/#\/schema\/logo\/image\/\",\"url\":\"https:\/\/parkshop.cz\/olomouc\/wp-content\/uploads\/sites\/2\/2022\/10\/park_shop_logo.svg\",\"contentUrl\":\"https:\/\/parkshop.cz\/olomouc\/wp-content\/uploads\/sites\/2\/2022\/10\/park_shop_logo.svg\",\"caption\":\"Park&Shop Olomouc\"},\"image\":{\"@id\":\"https:\/\/parkshop.cz\/olomouc\/#\/schema\/logo\/image\/\"}}]}<\/script>\n<!-- \/ Yoast SEO plugin. -->","yoast_head_json":{"title":"Ve\u0159ejn\u00e9 dob\u00edjen\u00ed elektromobil\u016f - Park&Shop Olomouc","robots":{"index":"index","follow":"follow","max-snippet":"max-snippet:-1","max-image-preview":"max-image-preview:large","max-video-preview":"max-video-preview:-1"},"canonical":"https:\/\/parkshop.cz\/olomouc\/verejne-dobijeni-elektromobilu\/","og_locale":"cs_CZ","og_type":"article","og_title":"Ve\u0159ejn\u00e9 dob\u00edjen\u00ed elektromobil\u016f - Park&Shop Olomouc","og_description":"Park&amp;shop Olomouc nab\u00edz\u00ed z\u00e1kazn\u00edk\u016fm ultrarychl\u00e9 dob\u00edjen\u00ed elektroaut! Na parkovi\u0161ti are\u00e1lu Park&amp;shop Olomouc mohou \u0159idi\u010di elektromobil\u016f vyu\u017e\u00edvat sedm stojan\u016f pro dopl\u0148ov\u00e1n\u00ed [&hellip;]","og_url":"https:\/\/parkshop.cz\/olomouc\/verejne-dobijeni-elektromobilu\/","og_site_name":"Park&Shop Olomouc","article_modified_time":"2026-01-06T15:00:36+00:00","og_image":[{"width":201,"height":84,"url":"https:\/\/parkshop.cz\/olomouc\/wp-content\/uploads\/sites\/2\/2026\/01\/futurego.jpg","type":"image\/jpeg"}],"twitter_card":"summary_large_image","twitter_misc":{"Odhadovan\u00e1 doba \u010dten\u00ed":"4 minuty"},"schema":{"@context":"https:\/\/schema.org","@graph":[{"@type":"WebPage","@id":"https:\/\/parkshop.cz\/olomouc\/verejne-dobijeni-elektromobilu\/","url":"https:\/\/parkshop.cz\/olomouc\/verejne-dobijeni-elektromobilu\/","name":"Ve\u0159ejn\u00e9 dob\u00edjen\u00ed elektromobil\u016f - Park&Shop Olomouc","isPartOf":{"@id":"https:\/\/parkshop.cz\/olomouc\/#website"},"primaryImageOfPage":{"@id":"https:\/\/parkshop.cz\/olomouc\/verejne-dobijeni-elektromobilu\/#primaryimage"},"image":{"@id":"https:\/\/parkshop.cz\/olomouc\/verejne-dobijeni-elektromobilu\/#primaryimage"},"thumbnailUrl":"https:\/\/parkshop.cz\/olomouc\/wp-content\/uploads\/sites\/2\/2026\/01\/futurego.jpg","datePublished":"2026-01-05T12:43:33+00:00","dateModified":"2026-01-06T15:00:36+00:00","breadcrumb":{"@id":"https:\/\/parkshop.cz\/olomouc\/verejne-dobijeni-elektromobilu\/#breadcrumb"},"inLanguage":"cs","potentialAction":[{"@type":"ReadAction","target":["https:\/\/parkshop.cz\/olomouc\/verejne-dobijeni-elektromobilu\/"]}]},{"@type":"ImageObject","inLanguage":"cs","@id":"https:\/\/parkshop.cz\/olomouc\/verejne-dobijeni-elektromobilu\/#primaryimage","url":"https:\/\/parkshop.cz\/olomouc\/wp-content\/uploads\/sites\/2\/2026\/01\/futurego.jpg","contentUrl":"https:\/\/parkshop.cz\/olomouc\/wp-content\/uploads\/sites\/2\/2026\/01\/futurego.jpg","width":201,"height":84},{"@type":"BreadcrumbList","@id":"https:\/\/parkshop.cz\/olomouc\/verejne-dobijeni-elektromobilu\/#breadcrumb","itemListElement":[{"@type":"ListItem","position":1,"name":"Dom\u016f","item":"https:\/\/parkshop.cz\/olomouc\/"},{"@type":"ListItem","position":2,"name":"Ve\u0159ejn\u00e9 dob\u00edjen\u00ed elektromobil\u016f"}]},{"@type":"WebSite","@id":"https:\/\/parkshop.cz\/olomouc\/#website","url":"https:\/\/parkshop.cz\/olomouc\/","name":"Park&Shop Olomouc","description":"Nejv\u011bt\u0161\u00ed n\u00e1kupn\u00ed park v regionu","publisher":{"@id":"https:\/\/parkshop.cz\/olomouc\/#organization"},"potentialAction":[{"@type":"SearchAction","target":{"@type":"EntryPoint","urlTemplate":"https:\/\/parkshop.cz\/olomouc\/?s={search_term_string}"},"query-input":{"@type":"PropertyValueSpecification","valueRequired":true,"valueName":"search_term_string"}}],"inLanguage":"cs"},{"@type":"Organization","@id":"https:\/\/parkshop.cz\/olomouc\/#organization","name":"Park&Shop Olomouc","url":"https:\/\/parkshop.cz\/olomouc\/","logo":{"@type":"ImageObject","inLanguage":"cs","@id":"https:\/\/parkshop.cz\/olomouc\/#\/schema\/logo\/image\/","url":"https:\/\/parkshop.cz\/olomouc\/wp-content\/uploads\/sites\/2\/2022\/10\/park_shop_logo.svg","contentUrl":"https:\/\/parkshop.cz\/olomouc\/wp-content\/uploads\/sites\/2\/2022\/10\/park_shop_logo.svg","caption":"Park&Shop Olomouc"},"image":{"@id":"https:\/\/parkshop.cz\/olomouc\/#\/schema\/logo\/image\/"}}]}},"publishpress_future_action":{"enabled":false,"date":"2026-04-21 13:49:46","action":"change-status","newStatus":"draft","terms":[],"taxonomy":"","extraData":[]},"publishpress_future_workflow_manual_trigger":{"enabledWorkflows":[]},"_links":{"self":[{"href":"https:\/\/parkshop.cz\/olomouc\/wp-json\/wp\/v2\/pages\/884","targetHints":{"allow":["GET"]}}],"collection":[{"href":"https:\/\/parkshop.cz\/olomouc\/wp-json\/wp\/v2\/pages"}],"about":[{"href":"https:\/\/parkshop.cz\/olomouc\/wp-json\/wp\/v2\/types\/page"}],"author":[{"embeddable":true,"href":"https:\/\/parkshop.cz\/olomouc\/wp-json\/wp\/v2\/users\/2"}],"replies":[{"embeddable":true,"href":"https:\/\/parkshop.cz\/olomouc\/wp-json\/wp\/v2\/comments?post=884"}],"version-history":[{"count":11,"href":"https:\/\/parkshop.cz\/olomouc\/wp-json\/wp\/v2\/pages\/884\/revisions"}],"predecessor-version":[{"id":904,"href":"https:\/\/parkshop.cz\/olomouc\/wp-json\/wp\/v2\/pages\/884\/revisions\/904"}],"wp:featuredmedia":[{"embeddable":true,"href":"https:\/\/parkshop.cz\/olomouc\/wp-json\/wp\/v2\/media\/885"}],"wp:attachment":[{"href":"https:\/\/parkshop.cz\/olomouc\/wp-json\/wp\/v2\/media?parent=884"}],"curies":[{"name":"wp","href":"https:\/\/api.w.org\/{rel}","templated":true}]}}