{"id":79,"date":"2022-09-13T15:41:54","date_gmt":"2022-09-13T13:41:54","guid":{"rendered":"https:\/\/parkshop.cz\/olomouc\/?page_id=79"},"modified":"2022-10-05T10:20:03","modified_gmt":"2022-10-05T08:20:03","slug":"cookies","status":"publish","type":"page","link":"https:\/\/parkshop.cz\/olomouc\/cookies\/","title":{"rendered":"Cookies"},"content":{"rendered":"<p>[vc_section][vc_row full_width=&#8220;stretch_row&#8220; el_class=&#8220;pb-5 pt-5 light-bg&#8220;][vc_column css=&#8220;.vc_custom_1664957311897{margin-bottom: 29px !important;}&#8220;][vc_custom_heading text=&#8220;Cookies&#8220; font_container=&#8220;tag:h1|text_align:left&#8220; use_theme_fonts=&#8220;yes&#8220; el_class=&#8220;section-title&#8220;][\/vc_column][vc_column el_class=&#8220;pb-5&#8243;][vc_column_text el_id=&#8220;cookies&#8220;]Pou\u017e\u00edv\u00e1n\u00edm webu ud\u011blujete informativn\u00ed souhlas s vyu\u017eit\u00edm cookies pomoc\u00ed li\u0161ty v doln\u00ed \u010d\u00e1sti prohl\u00ed\u017ee\u010de (podle Evropsk\u00e9 sm\u011brnice \u010d. 2002\/58\/ES o zpracov\u00e1n\u00ed osobn\u00edch \u00fadaj\u016f a ochran\u011b soukrom\u00ed v odv\u011btv\u00ed elektronick\u00fdch komunikac\u00ed, resp. podle jej\u00ed novelizace sm\u011brnic\u00ed \u010d. 2009\/136\/ES, v \u010cR transponovan\u00e9 z\u00e1konem \u010d. 468\/2011 Sb., kter\u00fd s \u00fa\u010dinnost\u00ed od 1. ledna 2012 novelizoval z\u00e1kon \u010d. 127\/2005 Sb., o elektronick\u00fdch komunikac\u00edch (d\u00e1le jen \u201eZoEK\u201c)), nebo pou\u017e\u00edv\u00e1n\u00edm webu. Podle sm\u011brnice jde zejm\u00e9na o vyu\u017e\u00edv\u00e1n\u00ed cookies (tzv. &#8222;session cookies&#8220;).<\/p>\n<p>&nbsp;<\/p>\n<h3>Co to jsou \u201ecookies\u201c?<\/h3>\n<p>\u201eCookies\u201c jsou mal\u00e9 datov\u00e9 soubory pou\u017e\u00edvan\u00e9 jako jedine\u010dn\u00e9 identifik\u00e1tory v komunikaci aplikac\u00ed s Va\u0161\u00edm webov\u00fdm prohl\u00ed\u017ee\u010dem. Soubor cookie obsahuje anonymn\u00ed informace. Cookies vyu\u017e\u00edv\u00e1 pro svou \u010dinnost naprost\u00e1 v\u011bt\u0161ina webov\u00fdch str\u00e1nek.<\/p>\n<p>Soubory cookies mohou b\u00fdt nastaveny webov\u00fdmi str\u00e1nkami, kter\u00e9 nav\u0161t\u011bvujete (\u201ena\u0161e cookies\u201c), nebo mohou b\u00fdt nastaveny organizac\u00ed, kter\u00e1 nen\u00ed vlastn\u00edkem webov\u00fdch str\u00e1nek, je\u017e si prohl\u00ed\u017e\u00edte (\u201ecookies t\u0159et\u00ed strany\u201c). Nap\u0159\u00edklad mohou b\u00fdt nastaveny jin\u00fdmi webov\u00fdmi str\u00e1nkami, kter\u00e9 spou\u0161t\u011bj\u00ed obsah na str\u00e1nce, kterou si prohl\u00ed\u017e\u00edte, nebo nez\u00e1vislou analytickou spole\u010dnost\u00ed. Webov\u00e9 str\u00e1nky mohou pou\u017e\u00edvat reklamn\u00ed s\u00edt\u011b t\u0159et\u00ed osoby k poskytov\u00e1n\u00ed c\u00edlen\u00e9 reklamy. Tyto cookies mohou m\u00edt mo\u017enost sledovat va\u0161e prohl\u00ed\u017een\u00ed r\u016fzn\u00fdch str\u00e1nek.<\/p>\n<p>&nbsp;<\/p>\n<h3>Jak pou\u017e\u00edv\u00e1me cookies?<\/h3>\n<p>Soubory cookies pou\u017e\u00edv\u00e1me ke zlep\u0161en\u00ed va\u0161ich u\u017eivatelsk\u00fdch zku\u0161enost\u00ed s webem tak, \u017ee webov\u00fdm str\u00e1nk\u00e1m umo\u017en\u00edme, aby identifikovaly V\u00e1\u0161 prohl\u00ed\u017ee\u010d, bu\u010f po dobu trv\u00e1n\u00ed va\u0161\u00ed<br \/>\nn\u00e1v\u0161t\u011bvy (za pou\u017eit\u00ed rela\u010dn\u00edch cookies), nebo pro opakovan\u00e9 n\u00e1v\u0161t\u011bvy (za pou\u017eit\u00ed trval\u00fdch cookies).<\/p>\n<p>Toto je u\u017eite\u010dn\u00e9 nap\u0159. p\u0159i zobrazen\u00ed n\u00e1kupn\u00edho ko\u0161\u00edku, historie proch\u00e1zen\u00ed, skryt\u00ed obchodn\u00edho sd\u011blen\u00ed, p\u0159ihl\u00e1\u0161en\u00ed apod.<\/p>\n<p>Na\u0161e webov\u00e9 str\u00e1nky rovn\u011b\u017e pou\u017e\u00edvaj\u00ed cookies pro behavior\u00e1ln\u011b c\u00edlenou reklamu, co\u017e n\u00e1m umo\u017e\u0148uje upravit reklamu a zajistit, \u017ee pro v\u00e1s bude relevantn\u00ed, a to na z\u00e1klad\u011b oblast\u00ed, kter\u00e9 na na\u0161\u00ed webov\u00e9 str\u00e1nce prohl\u00ed\u017e\u00edte, a geografick\u00e9ho um\u00edst\u011bn\u00ed va\u0161\u00ed adresy IP. Tyto cookies jsou um\u00edst\u011bny reklamn\u00edmi s\u00edt\u011bmi t\u0159et\u00edch osob s na\u0161\u00edm souhlasem.<\/p>\n<p>&nbsp;<\/p>\n<h3>K \u010demu cookies pou\u017e\u00edv\u00e1me<\/h3>\n<p>Na na\u0161em webu pou\u017e\u00edv\u00e1me tyto cookies:<\/p>\n<ul>\n<li>Technick\u00e9 \u2013 prvn\u00ed strany, kr\u00e1tkodob\u00e9. Zaji\u0161\u0165uj\u00ed z\u00e1kladn\u00ed technickou funk\u010dnost webu, tj. p\u0159ihla\u0161ov\u00e1n\u00ed, zapamatov\u00e1n\u00ed si nastaven\u00ed, vyu\u017e\u00edv\u00e1n\u00ed slu\u017eeb apod.<\/li>\n<li>Statistick\u00e9 a diagnostick\u00e9 (nap\u0159. Google Analytics) \u2013 prvn\u00ed strany, dlouhodob\u00e9. Jsou vyu\u017eity ke generov\u00e1n\u00ed anonymn\u00edch statistik o pou\u017e\u00edv\u00e1n\u00ed webu.<\/li>\n<li>Reklamn\u00ed prvn\u00ed i t\u0159et\u00ed strany. Jsou vyu\u017e\u00edv\u00e1ny pro behavior\u00e1ln\u00ed c\u00edlen\u00ed reklamy podle z\u00e1jm\u016f. Kdy\u017e u\u017e se reklama mus\u00ed zobrazovat (jako hlavn\u00ed p\u0159\u00edjem pro web a tvorbu jeho obsahu), tak a\u0165 se u\u017eivateli \/ \u010dten\u00e1\u0159i zobrazuj\u00ed nab\u00eddky, kter\u00e9 jej mohou skute\u010dn\u011b zaj\u00edmat.<\/li>\n<\/ul>\n<p>&nbsp;<\/p>\n<h3>Co d\u011blat, kdy\u017e nechcete pou\u017e\u00edvat soubory cookies<\/h3>\n<p>Souhlas s um\u00edst\u011bn\u00edm soubor\u016f cookies je dobrovoln\u00fd. Budete-li si to p\u0159\u00e1t, m\u016f\u017eete zablokovat n\u011bkter\u00e9 nebo v\u0161echny soubory cookies nebo vymazat cookies, kter\u00e9 ji\u017e byly nastaveny. V\u0161echny podrobnosti ohledn\u011b spr\u00e1vy cookies a mo\u017enost\u00ed jejich blokov\u00e1n\u00ed v r\u016fzn\u00fdch typech webov\u00fdch prohl\u00ed\u017ee\u010d\u016f m\u016f\u017eete naj\u00edt na str\u00e1nce<a href=\"https:\/\/www.aboutcookies.org\" target=\"_blank\" rel=\"noopener\"> www.aboutcookies.org<\/a>, nebo<\/p>\n<ul>\n<li>Internet Explorer: <a href=\"https:\/\/support.microsoft.com\/cscz\/help\/17442\/windows-internet-explorer-delete-manage-cookies;\" target=\"_blank\" rel=\"noopener\">https:\/\/support.microsoft.com\/cscz\/help\/17442\/windows-internet-explorer-delete-manage-cookies;<\/a><\/li>\n<li>Mozzilla\/Firefox: <a href=\"https:\/\/support.mozilla.org\/cs\/kb\/povolenizakazani-cookies\" target=\"_blank\" rel=\"noopener\">https:\/\/support.mozilla.org\/cs\/kb\/povolenizakazani-cookies<\/a><\/li>\n<li>Chrome: <a href=\"https:\/\/support.google.com\/chrome\/answer\/95647?visit_id=0636535873837482984-3731587686&amp;hl=cs&amp;rd=1\" target=\"_blank\" rel=\"noopener\">https:\/\/support.google.com\/chrome\/answer\/95647?visit_id=0636535873837482984-3731587686&amp;hl=cs&amp;rd=1<\/a><\/li>\n<li>Opera: <a href=\"https:\/\/www.opera.com\/help\/tutorials\/security\/privacy\/\" target=\"_blank\" rel=\"noopener\">https:\/\/www.opera.com\/help\/tutorials\/security\/privacy\/<\/a><\/li>\n<li>Safari: <a href=\"https:\/\/support.apple.com\/kb\/ph21411?locale=cs_CZ\" target=\"_blank\" rel=\"noopener\">https:\/\/support.apple.com\/kb\/ph21411?locale=cs_CZ<\/a><\/li>\n<\/ul>\n<p>Mus\u00edte si v\u0161ak uv\u011bdomit, \u017ee pokud zablokujete nebo vyma\u017eete cookies odes\u00edlan\u00e9 z na\u0161ich webov\u00fdch str\u00e1nek, kter\u00e9 jsou nezbytn\u011b nutn\u00e9 nebo zaji\u0161\u0165uj\u00ed funk\u010dnost a v\u00fdkon, m\u016f\u017ee se st\u00e1t, \u017ee str\u00e1nky nebude mo\u017en\u00e9 pou\u017e\u00edvat.<\/p>\n<p>&nbsp;<\/p>\n<h3>Pou\u017e\u00edv\u00e1me Google Analytics<\/h3>\n<p>Tato str\u00e1nka pou\u017e\u00edv\u00e1 slu\u017ebu Google Analytics, poskytovanou spole\u010dnost\u00ed Google, Inc. (d\u00e1le jen &#8222;Google&#8220;). Slu\u017eba Google Analytics pou\u017e\u00edv\u00e1 soubor\u016f cookies. Informace o u\u017e\u00edv\u00e1n\u00ed str\u00e1nky spolu s obsahem souboru cookie bude spole\u010dnost\u00ed Google p\u0159enesen a ulo\u017een na serverech ve Spojen\u00fdch st\u00e1tech. Google bude u\u017e\u00edvat t\u011bchto informac\u00ed pro \u00fa\u010dely vyhodnocov\u00e1n\u00ed u\u017e\u00edv\u00e1n\u00ed str\u00e1nky a vytv\u00e1\u0159en\u00ed zpr\u00e1v o jej\u00ed aktivit\u011b, ur\u010den\u00fdch pro jej\u00ed provozovatele, a pro poskytov\u00e1n\u00ed dal\u0161\u00edch slu\u017eeb t\u00fdkaj\u00edc\u00edch se \u010dinnost\u00ed na str\u00e1nce a u\u017e\u00edv\u00e1n\u00ed internetu v\u016fbec. Google m\u016f\u017ee tak\u00e9 poskytnout tyto informace t\u0159et\u00edm osob\u00e1m, bude-li to po\u017eadov\u00e1no z\u00e1konem nebo budu-li takov\u00e9to t\u0159et\u00ed osoby zpracov\u00e1vat tyto informace pro Google.<\/p>\n<p>Slu\u017eba Google Analytics je roz\u0161\u00ed\u0159ena o souvisej\u00edc\u00ed reklamn\u00ed funkce poskytovan\u00e9 spole\u010dnost\u00ed Google, a to:<\/p>\n<ul>\n<li>p\u0159ehledy zobrazen\u00ed v reklamn\u00ed s\u00edti Google,<\/li>\n<li>remarketing (zobrazov\u00e1n\u00ed reklam v obsahov\u00e9 s\u00edti na z\u00e1klad\u011b zhl\u00e9dnut\u00fdch produkt\u016f),<\/li>\n<li>roz\u0161\u00ed\u0159en\u00e9 demografick\u00e9 p\u0159ehledy (reportov\u00e1n\u00ed anonymn\u00edch demografick\u00fdch dat). V\u00edce informac\u00ed o zpracov\u00e1n\u00ed a vyu\u017eit\u00ed dat najdete ve <a href=\"http:\/\/www.google.com\/intl\/cs\/policies\/privacy\/partners\/\" target=\"_blank\" rel=\"noopener\">smluvn\u00edch podm\u00ednk\u00e1ch spole\u010dnosti Google<\/a><\/li>\n<\/ul>\n<p>&nbsp;<\/p>\n<p><strong>Jak zak\u00e1zat sledov\u00e1n\u00ed Google Analytics<\/strong><\/p>\n<p>Pokud nechcete poskytovat anonymn\u00ed data o pou\u017e\u00edv\u00e1n\u00ed webu slu\u017eb\u011b Google Analytics, m\u016f\u017eete pou\u017e\u00edt plugin poskytovan\u00fd spole\u010dnost\u00ed Google. Po nainstalov\u00e1n\u00ed do Va\u0161eho prohl\u00ed\u017ee\u010de a aktivaci nebudou d\u00e1le data odes\u00edl\u00e1na.<\/p>\n<p>Pozn\u00e1mka k blokov\u00e1n\u00ed reklamn\u00edch slu\u017eeb: N\u00e1mi provozovan\u00e9 slu\u017eby, k nim\u017e z\u00edsk\u00e1v\u00e1te p\u0159\u00edstup bez\u00faplatn\u011b, financujeme z naprost\u00e9 v\u011bt\u0161iny z p\u0159\u00edjm\u016f z inzerce. Z d\u016fvodu zaji\u0161t\u011bn\u00ed dal\u0161\u00edho bez\u00faplatn\u00e9ho provozu na\u0161ich slu\u017eeb, jako\u017e i za \u00fa\u010delem zachov\u00e1n\u00ed st\u00e1vaj\u00edc\u00ed \u00farovn\u011b poskytovan\u00fdch slu\u017eeb a jejich dal\u0161\u00edho rozvoje, se pros\u00edm zdr\u017ete pou\u017e\u00edv\u00e1n\u00ed aplikac\u00ed \u010di jin\u00fdch opat\u0159en\u00ed slou\u017e\u00edc\u00edch k blokov\u00e1n\u00ed n\u00e1mi zobrazovan\u00e9 reklamy.<\/p>\n<p>&nbsp;<\/p>\n<h3>Pou\u017e\u00edv\u00e1me cookies Reklamn\u00edch partner\u016f<\/h3>\n<p><strong>Google<\/strong><\/p>\n<p>D\u00edky souboru cookieDoubleClick m\u016f\u017ee spole\u010dnost Google a jej\u00ed partne\u0159i zobrazovat reklamy u\u017eivatel\u016fm na z\u00e1klad\u011b jejich n\u00e1v\u0161t\u011bv na na\u0161ich str\u00e1nk\u00e1ch a dal\u0161\u00edch str\u00e1nk\u00e1ch internetu. M\u016f\u017eete si pou\u017e\u00edv\u00e1n\u00ed souboru cookieDoubleClick pro z\u00e1jmov\u011b orientovan\u00e9 reklamy odhl\u00e1sit prost\u0159ednictv\u00edm Spr\u00e1vce nastaven\u00ed reklam.<\/p>\n<ul>\n<li><a href=\"https:\/\/policies.google.com\/technologies\/ads\" target=\"_blank\" rel=\"noopener\">Jak Google vyu\u017e\u00edv\u00e1 soubory cookie v reklam\u011b a obecn\u00e9 vyu\u017eit\u00ed soubor\u016f cookies<\/a><\/li>\n<li><a href=\"https:\/\/policies.google.com\/technologies\/cookies#types-of-cookies\" target=\"_blank\" rel=\"noopener\">Typy soubor\u016f cookie, kter\u00e9 Google pou\u017e\u00edv\u00e1 (Kategorie pou\u017eit\u00ed: Reklama)<\/a><\/li>\n<li><a href=\"https:\/\/support.google.com\/admanager\/answer\/2839090?hl=cs\" target=\"_blank\" rel=\"noopener\">Soubory cookie slu\u017eby DoubleClick<\/a><\/li>\n<li><a href=\"https:\/\/policies.google.com\/privacy?hl=cs\" target=\"_blank\" rel=\"noopener\">Z\u00e1sady ochrany osobn\u00edch \u00fadaj\u016f nebo zde.<\/a><\/li>\n<\/ul>\n<p>P\u0159i zobrazov\u00e1n\u00ed reklam ze s\u00edt\u011b Google mohou b\u00fdt tak\u00e9 pou\u017eity soubory cookie dal\u0161\u00edch dodavatel\u016f \u010di reklamn\u00edch s\u00edt\u00ed t\u0159et\u00edch stran. M\u016f\u017eete weby t\u011bchto t\u0159et\u00edch stran nav\u0161t\u00edvit a odhl\u00e1sit si na nich pou\u017e\u00edv\u00e1n\u00ed soubor\u016f cookie pro z\u00e1jmov\u011b orientovanou reklamu (pokud dodavatel nebo reklamn\u00ed s\u00ed\u0165 tuto mo\u017enost nab\u00edz\u00ed).<\/p>\n<ul>\n<li><a href=\"https:\/\/support.google.com\/admanager\/answer\/94149?hl=cs\" target=\"_blank\" rel=\"noopener\">Seznam dodavatel\u016f \u010di reklamn\u00edch s\u00edt\u00ed t\u0159et\u00edch stran<\/a><\/li>\n<\/ul>\n<p>&nbsp;<\/p>\n<p><strong>Facebook<\/strong><\/p>\n<ul>\n<li><a href=\"https:\/\/www.facebook.com\/about\/privacy\/\" target=\"_blank\" rel=\"noopener\">Z\u00e1sady pou\u017e\u00edv\u00e1n\u00ed dat<\/a><\/li>\n<li><a href=\"https:\/\/www.facebook.com\/policies\/cookies\/\" target=\"_blank\" rel=\"noopener\">Cookies a dal\u0161\u00ed technologie \u00falo\u017ei\u0161t\u011b<\/a><\/li>\n<li><a href=\"https:\/\/www.facebook.com\/help\/568137493302217\">Zm\u011bna c\u00edlen\u00ed reklam podle aktivity u\u017eivatele mimo Facebook<\/a><\/li>\n<li><a href=\"https:\/\/www.facebook.com\/adpreferences\/?entry_product=ad_settings_screen\" target=\"_blank\" rel=\"noopener\">P\u0159edvolby reklama Facebook<\/a><\/li>\n<\/ul>\n<p>Facebook dodr\u017euje samoregula\u010dn\u00ed principy pro online behavior\u00e1ln\u00ed reklamy (Self-RegulatoryPrinciples for Online BehavioralAdvertising) a \u00fa\u010dastn\u00ed se program\u016f, kter\u00e9 nab\u00edzej\u00ed mo\u017enost tento typ reklam odm\u00edtnout. Nesouhlas s pou\u017e\u00edv\u00e1n\u00edm cookies m\u016f\u017eete vyj\u00e1d\u0159it pro v\u0161echny z\u00fa\u010dastn\u011bn\u00e9 spole\u010dnosti p\u0159es tyto weby:<\/p>\n<ul>\n<li><a href=\"https:\/\/optout.aboutads.info\/?c=2&amp;lang=EN\" target=\"_blank\" rel=\"noopener\">Digital AdvertisingAlliance<\/a><\/li>\n<li><a href=\"https:\/\/youradchoices.ca\/\" target=\"_blank\" rel=\"noopener\">Digital AdvertisingAllianceofCanada<\/a><\/li>\n<li><a href=\"https:\/\/www.youronlinechoices.eu\/\" target=\"_blank\" rel=\"noopener\">EuropeanInteractive Digital AdvertisingAlliance<\/a><\/li>\n<\/ul>\n<p>&nbsp;<\/p>\n<p><strong>Seznam.cz <\/strong><\/p>\n<p>Spole\u010dnost Seznam.cz vyu\u017e\u00edv\u00e1 cookie pro behavior\u00e1ln\u00ed c\u00edlen\u00ed reklamy. Behavior\u00e1ln\u00ed reklama spo\u010d\u00edv\u00e1 v zobrazov\u00e1n\u00ed reklamy na internetov\u00fdch str\u00e1nk\u00e1ch v z\u00e1vislosti na chov\u00e1n\u00ed u\u017eivatel\u016f na internetu (t\u00e9matikou jimi nav\u0161t\u00edven\u00fdch str\u00e1nek), za \u00fa\u010delem zobrazen\u00ed pouze takov\u00e9 reklamy, kter\u00e1 by mohla konkr\u00e9tn\u00edho u\u017eivatele ve skute\u010dnosti zaj\u00edmat. Behavior\u00e1ln\u00ed reklama pracuje s informacemi, kter\u00e9 jsou ulo\u017een\u00e9 v Cookies webov\u00fdch prohl\u00ed\u017ee\u010d\u016f. Data ulo\u017een\u00e1 v t\u011bchto souborech jsou pozd\u011bji rozd\u011blena do n\u011bkolika charakteristick\u00fdch skupin (nap\u0159\u00edklad AutoMoto, \u017eensk\u00e9 weby, atd). Nem\u011blo by se tedy st\u00e1t, \u017ee fanou\u0161kovi fotbalu, kter\u00fd pravideln\u011b sleduje v\u00fdsledky utk\u00e1n\u00ed, se objev\u00ed reklama na kurzy baletu.<\/p>\n<ul>\n<li><a href=\"https:\/\/www.imedia.cz\/\" target=\"_blank\" rel=\"noopener\">Behavior\u00e1ln\u00ed reklama a cookies<\/a><\/li>\n<li><a href=\"https:\/\/www.imedia.cz\/opt-out\" target=\"_blank\" rel=\"noopener\">Odhl\u00e1\u0161en\u00ed z behavior\u00e1ln\u00ed reklamy spole\u010dnosti Seznam.cz<\/a><\/li>\n<li><a href=\"https:\/\/napoveda.seznam.cz\/cz\/\" target=\"_blank\" rel=\"noopener\">Technick\u00e1 podpora Seznam.cz<\/a><\/li>\n<\/ul>\n<p>&nbsp;<\/p>\n<h3>Vypnut\u00ed z\u00e1jmov\u00fdch reklam v desktopov\u00fdch za\u0159\u00edzen\u00edch<\/h3>\n<p>\u00darove\u0148 ochrany p\u0159ed cookies lze nastavit v prohl\u00ed\u017ee\u010di, a to a\u017e na celkov\u00e9 blokov\u00e1n\u00ed v\u0161ech cookies z cel\u00e9ho internetu. Zvy\u0161uje to \u00farove\u0148 bezpe\u010dnosti, ale tak\u00e9 to m\u016f\u017ee zkomplikovat prohl\u00ed\u017een\u00ed internetov\u00fdch str\u00e1nek nebo znemo\u017enit p\u0159ihl\u00e1\u0161en\u00ed do n\u011bkter\u00fdch str\u00e1nek a slu\u017eeb.<\/p>\n<p>Nastaven\u00ed pro p\u0159ij\u00edm\u00e1n\u00ed cookies soubor\u016f se obvykle nach\u00e1z\u00ed v &#8222;Mo\u017enosti&#8220; nebo &#8222;Preference&#8220; v menu va\u0161eho prohl\u00ed\u017ee\u010de. Pro lep\u0161\u00ed pochopen\u00ed tohoto nastaven\u00ed v\u00e1m mohou b\u00fdt u\u017eite\u010dn\u00e9 n\u00ed\u017ee uveden\u00e9 odkazy. Tak\u00e9 m\u016f\u017eete pou\u017e\u00edt n\u00e1pov\u011bdu minoritn\u00ed prohl\u00ed\u017ee\u010de, na kter\u00e9 zde neodkazujeme p\u0159\u00edmo.<\/p>\n<ul>\n<li><a href=\"https:\/\/support.microsoft.com\/cs-cz\/windows\/odstran\u011bn\u00ed-a-spr\u00e1va-soubor\u016f-cookie-168dab11-0753-043d-7c16-ede5947fc64d\" target=\"_blank\" rel=\"noopener\">Nastaven\u00ed cookie v programu Internet Explorer<\/a><\/li>\n<li><a href=\"https:\/\/support.mozilla.org\/cs\/kb\/cookies-informace-ktere-si-weby-ukladaji-do-vaseho?redirectlocale=en-US&amp;redirectslug=Cookies\" target=\"_blank\" rel=\"noopener\">Nastaven\u00ed cookie v programu Firefox<\/a><\/li>\n<li><a href=\"https:\/\/support.google.com\/chrome\/answer\/95647?hl=cs\">Nastaven\u00ed cookie v programu Chrome<\/a><\/li>\n<li><a href=\"https:\/\/support.apple.com\/kb\/ph21411?locale=cs_CZ\" target=\"_blank\" rel=\"noopener\">Nastaven\u00ed cookie v programu Safari<\/a><\/li>\n<\/ul>\n<p>&nbsp;<\/p>\n<h3>Vypnut\u00ed z\u00e1jmov\u00fdch reklam v mobiln\u00edch za\u0159\u00edzen\u00edch<\/h3>\n<p>V iPhonu, iPadu nebo Androidu m\u016f\u017eete zm\u011bnit nastaven\u00ed za\u0159\u00edzen\u00ed a up\u0159esnit, zda chcete v\u00eddat online reklamy zalo\u017een\u00e9 na z\u00e1jmech<\/p>\n<p>Na iPhonu nebo iPadu:<\/p>\n<ol>\n<li>P\u0159ejd\u011bte do Nastaven\u00ed.<\/li>\n<li>Klepn\u011bte na Soukrom\u00ed.<\/li>\n<li>Klepn\u011bte na Reklamy a zapn\u011bte Omezit sledov\u00e1n\u00ed reklam.<\/li>\n<\/ol>\n<p>Na Androidu (verze 2.2 a nov\u011bj\u0161\u00ed) a ve slu\u017eb\u00e1ch Google Play (verze 4.0 a nov\u011bj\u0161\u00ed):<\/p>\n<ol>\n<li>P\u0159ejd\u011bte na Nastaven\u00ed Google.<\/li>\n<li>Klepn\u011bte na Reklamy.<\/li>\n<li>Klepn\u011bte na Odhl\u00e1sit ze z\u00e1jmov\u011b orientovan\u00e9 inzerce a vyberte OK.<\/li>\n<\/ol>\n<p>[\/vc_column_text][\/vc_column][\/vc_row][\/vc_section]<\/p>\n","protected":false},"excerpt":{"rendered":"<p>[vc_section][vc_row full_width=&#8220;stretch_row&#8220; el_class=&#8220;pb-5 pt-5 light-bg&#8220;][vc_column css=&#8220;.vc_custom_1664957311897{margin-bottom: 29px !important;}&#8220;][vc_custom_heading text=&#8220;Cookies&#8220; font_container=&#8220;tag:h1|text_align:left&#8220; use_theme_fonts=&#8220;yes&#8220; el_class=&#8220;section-title&#8220;][\/vc_column][vc_column el_class=&#8220;pb-5&#8243;][vc_column_text el_id=&#8220;cookies&#8220;]Pou\u017e\u00edv\u00e1n\u00edm webu ud\u011blujete informativn\u00ed souhlas s vyu\u017eit\u00edm [&hellip;]<\/p>\n","protected":false},"author":1,"featured_media":0,"parent":0,"menu_order":0,"comment_status":"closed","ping_status":"closed","template":"","meta":{"_acf_changed":false,"footnotes":""},"class_list":["post-79","page","type-page","status-publish","hentry"],"acf":[],"yoast_head":"<!-- This site is optimized with the Yoast SEO plugin v26.5 - https:\/\/yoast.com\/wordpress\/plugins\/seo\/ -->\n<title>Cookies - Park&amp;Shop Olomouc<\/title>\n<meta name=\"robots\" content=\"index, follow, max-snippet:-1, max-image-preview:large, max-video-preview:-1\" \/>\n<link rel=\"canonical\" href=\"https:\/\/parkshop.cz\/olomouc\/cookies\/\" \/>\n<meta property=\"og:locale\" content=\"cs_CZ\" \/>\n<meta property=\"og:type\" content=\"article\" \/>\n<meta property=\"og:title\" content=\"Cookies - Park&amp;Shop Olomouc\" \/>\n<meta property=\"og:description\" content=\"[vc_section][vc_row full_width=&#8220;stretch_row&#8220; el_class=&#8220;pb-5 pt-5 light-bg&#8220;][vc_column css=&#8220;.vc_custom_1664957311897{margin-bottom: 29px !important;}&#8220;][vc_custom_heading text=&#8220;Cookies&#8220; font_container=&#8220;tag:h1|text_align:left&#8220; use_theme_fonts=&#8220;yes&#8220; el_class=&#8220;section-title&#8220;][\/vc_column][vc_column el_class=&#8220;pb-5&#8243;][vc_column_text el_id=&#8220;cookies&#8220;]Pou\u017e\u00edv\u00e1n\u00edm webu ud\u011blujete informativn\u00ed souhlas s vyu\u017eit\u00edm [&hellip;]\" \/>\n<meta property=\"og:url\" content=\"https:\/\/parkshop.cz\/olomouc\/cookies\/\" \/>\n<meta property=\"og:site_name\" content=\"Park&amp;Shop Olomouc\" \/>\n<meta property=\"article:modified_time\" content=\"2022-10-05T08:20:03+00:00\" \/>\n<meta name=\"twitter:card\" content=\"summary_large_image\" \/>\n<meta name=\"twitter:label1\" content=\"Odhadovan\u00e1 doba \u010dten\u00ed\" \/>\n\t<meta name=\"twitter:data1\" content=\"7 minut\" \/>\n<script type=\"application\/ld+json\" class=\"yoast-schema-graph\">{\"@context\":\"https:\/\/schema.org\",\"@graph\":[{\"@type\":\"WebPage\",\"@id\":\"https:\/\/parkshop.cz\/olomouc\/cookies\/\",\"url\":\"https:\/\/parkshop.cz\/olomouc\/cookies\/\",\"name\":\"Cookies - Park&Shop Olomouc\",\"isPartOf\":{\"@id\":\"https:\/\/parkshop.cz\/olomouc\/#website\"},\"datePublished\":\"2022-09-13T13:41:54+00:00\",\"dateModified\":\"2022-10-05T08:20:03+00:00\",\"breadcrumb\":{\"@id\":\"https:\/\/parkshop.cz\/olomouc\/cookies\/#breadcrumb\"},\"inLanguage\":\"cs\",\"potentialAction\":[{\"@type\":\"ReadAction\",\"target\":[\"https:\/\/parkshop.cz\/olomouc\/cookies\/\"]}]},{\"@type\":\"BreadcrumbList\",\"@id\":\"https:\/\/parkshop.cz\/olomouc\/cookies\/#breadcrumb\",\"itemListElement\":[{\"@type\":\"ListItem\",\"position\":1,\"name\":\"Dom\u016f\",\"item\":\"https:\/\/parkshop.cz\/olomouc\/\"},{\"@type\":\"ListItem\",\"position\":2,\"name\":\"Cookies\"}]},{\"@type\":\"WebSite\",\"@id\":\"https:\/\/parkshop.cz\/olomouc\/#website\",\"url\":\"https:\/\/parkshop.cz\/olomouc\/\",\"name\":\"Park&Shop Olomouc\",\"description\":\"Nejv\u011bt\u0161\u00ed n\u00e1kupn\u00ed park v regionu\",\"publisher\":{\"@id\":\"https:\/\/parkshop.cz\/olomouc\/#organization\"},\"potentialAction\":[{\"@type\":\"SearchAction\",\"target\":{\"@type\":\"EntryPoint\",\"urlTemplate\":\"https:\/\/parkshop.cz\/olomouc\/?s={search_term_string}\"},\"query-input\":{\"@type\":\"PropertyValueSpecification\",\"valueRequired\":true,\"valueName\":\"search_term_string\"}}],\"inLanguage\":\"cs\"},{\"@type\":\"Organization\",\"@id\":\"https:\/\/parkshop.cz\/olomouc\/#organization\",\"name\":\"Park&Shop Olomouc\",\"url\":\"https:\/\/parkshop.cz\/olomouc\/\",\"logo\":{\"@type\":\"ImageObject\",\"inLanguage\":\"cs\",\"@id\":\"https:\/\/parkshop.cz\/olomouc\/#\/schema\/logo\/image\/\",\"url\":\"https:\/\/parkshop.cz\/olomouc\/wp-content\/uploads\/sites\/2\/2022\/10\/park_shop_logo.svg\",\"contentUrl\":\"https:\/\/parkshop.cz\/olomouc\/wp-content\/uploads\/sites\/2\/2022\/10\/park_shop_logo.svg\",\"caption\":\"Park&Shop Olomouc\"},\"image\":{\"@id\":\"https:\/\/parkshop.cz\/olomouc\/#\/schema\/logo\/image\/\"}}]}<\/script>\n<!-- \/ Yoast SEO plugin. -->","yoast_head_json":{"title":"Cookies - Park&Shop Olomouc","robots":{"index":"index","follow":"follow","max-snippet":"max-snippet:-1","max-image-preview":"max-image-preview:large","max-video-preview":"max-video-preview:-1"},"canonical":"https:\/\/parkshop.cz\/olomouc\/cookies\/","og_locale":"cs_CZ","og_type":"article","og_title":"Cookies - Park&Shop Olomouc","og_description":"[vc_section][vc_row full_width=&#8220;stretch_row&#8220; el_class=&#8220;pb-5 pt-5 light-bg&#8220;][vc_column css=&#8220;.vc_custom_1664957311897{margin-bottom: 29px !important;}&#8220;][vc_custom_heading text=&#8220;Cookies&#8220; font_container=&#8220;tag:h1|text_align:left&#8220; use_theme_fonts=&#8220;yes&#8220; el_class=&#8220;section-title&#8220;][\/vc_column][vc_column el_class=&#8220;pb-5&#8243;][vc_column_text el_id=&#8220;cookies&#8220;]Pou\u017e\u00edv\u00e1n\u00edm webu ud\u011blujete informativn\u00ed souhlas s vyu\u017eit\u00edm [&hellip;]","og_url":"https:\/\/parkshop.cz\/olomouc\/cookies\/","og_site_name":"Park&Shop Olomouc","article_modified_time":"2022-10-05T08:20:03+00:00","twitter_card":"summary_large_image","twitter_misc":{"Odhadovan\u00e1 doba \u010dten\u00ed":"7 minut"},"schema":{"@context":"https:\/\/schema.org","@graph":[{"@type":"WebPage","@id":"https:\/\/parkshop.cz\/olomouc\/cookies\/","url":"https:\/\/parkshop.cz\/olomouc\/cookies\/","name":"Cookies - Park&Shop Olomouc","isPartOf":{"@id":"https:\/\/parkshop.cz\/olomouc\/#website"},"datePublished":"2022-09-13T13:41:54+00:00","dateModified":"2022-10-05T08:20:03+00:00","breadcrumb":{"@id":"https:\/\/parkshop.cz\/olomouc\/cookies\/#breadcrumb"},"inLanguage":"cs","potentialAction":[{"@type":"ReadAction","target":["https:\/\/parkshop.cz\/olomouc\/cookies\/"]}]},{"@type":"BreadcrumbList","@id":"https:\/\/parkshop.cz\/olomouc\/cookies\/#breadcrumb","itemListElement":[{"@type":"ListItem","position":1,"name":"Dom\u016f","item":"https:\/\/parkshop.cz\/olomouc\/"},{"@type":"ListItem","position":2,"name":"Cookies"}]},{"@type":"WebSite","@id":"https:\/\/parkshop.cz\/olomouc\/#website","url":"https:\/\/parkshop.cz\/olomouc\/","name":"Park&Shop Olomouc","description":"Nejv\u011bt\u0161\u00ed n\u00e1kupn\u00ed park v regionu","publisher":{"@id":"https:\/\/parkshop.cz\/olomouc\/#organization"},"potentialAction":[{"@type":"SearchAction","target":{"@type":"EntryPoint","urlTemplate":"https:\/\/parkshop.cz\/olomouc\/?s={search_term_string}"},"query-input":{"@type":"PropertyValueSpecification","valueRequired":true,"valueName":"search_term_string"}}],"inLanguage":"cs"},{"@type":"Organization","@id":"https:\/\/parkshop.cz\/olomouc\/#organization","name":"Park&Shop Olomouc","url":"https:\/\/parkshop.cz\/olomouc\/","logo":{"@type":"ImageObject","inLanguage":"cs","@id":"https:\/\/parkshop.cz\/olomouc\/#\/schema\/logo\/image\/","url":"https:\/\/parkshop.cz\/olomouc\/wp-content\/uploads\/sites\/2\/2022\/10\/park_shop_logo.svg","contentUrl":"https:\/\/parkshop.cz\/olomouc\/wp-content\/uploads\/sites\/2\/2022\/10\/park_shop_logo.svg","caption":"Park&Shop Olomouc"},"image":{"@id":"https:\/\/parkshop.cz\/olomouc\/#\/schema\/logo\/image\/"}}]}},"publishpress_future_action":{"enabled":false,"date":"2026-04-23 14:31:26","action":"change-status","newStatus":"draft","terms":[],"taxonomy":"","extraData":[]},"publishpress_future_workflow_manual_trigger":{"enabledWorkflows":[]},"_links":{"self":[{"href":"https:\/\/parkshop.cz\/olomouc\/wp-json\/wp\/v2\/pages\/79","targetHints":{"allow":["GET"]}}],"collection":[{"href":"https:\/\/parkshop.cz\/olomouc\/wp-json\/wp\/v2\/pages"}],"about":[{"href":"https:\/\/parkshop.cz\/olomouc\/wp-json\/wp\/v2\/types\/page"}],"author":[{"embeddable":true,"href":"https:\/\/parkshop.cz\/olomouc\/wp-json\/wp\/v2\/users\/1"}],"replies":[{"embeddable":true,"href":"https:\/\/parkshop.cz\/olomouc\/wp-json\/wp\/v2\/comments?post=79"}],"version-history":[{"count":2,"href":"https:\/\/parkshop.cz\/olomouc\/wp-json\/wp\/v2\/pages\/79\/revisions"}],"predecessor-version":[{"id":217,"href":"https:\/\/parkshop.cz\/olomouc\/wp-json\/wp\/v2\/pages\/79\/revisions\/217"}],"wp:attachment":[{"href":"https:\/\/parkshop.cz\/olomouc\/wp-json\/wp\/v2\/media?parent=79"}],"curies":[{"name":"wp","href":"https:\/\/api.w.org\/{rel}","templated":true}]}}