{"id":66,"date":"2022-09-13T15:29:13","date_gmt":"2022-09-13T13:29:13","guid":{"rendered":"https:\/\/parkshop.cz\/olomouc\/?page_id=66"},"modified":"2025-04-07T15:42:58","modified_gmt":"2025-04-07T13:42:58","slug":"management-centra","status":"publish","type":"page","link":"https:\/\/parkshop.cz\/olomouc\/management-centra\/","title":{"rendered":"Management centra"},"content":{"rendered":"<p>[vc_section css=&#8220;.vc_custom_1661758408306{margin-bottom: 100px !important;}&#8220; el_class=&#8220;animate&#8220;][vc_row][vc_column css=&#8220;.vc_custom_1661506371033{margin-bottom: 35px !important;}&#8220;][vc_custom_heading text=&#8220;Management centra&#8220; font_container=&#8220;tag:h1|text_align:left&#8220; use_theme_fonts=&#8220;yes&#8220; el_class=&#8220;section-title&#8220;][\/vc_column][vc_column css=&#8220;.vc_custom_1661506376541{margin-bottom: 60px !important;}&#8220;][vc_column_text el_class=&#8220;fs-20 lh-normal&#8220;]V p\u0159\u00edpad\u011b z\u00e1jmu kontaktujte p\u0159\u00edmo management[\/vc_column_text][\/vc_column][\/vc_row][vc_row el_class=&#8220;contact-form-row&#8220;][vc_column css=&#8220;.vc_custom_1661507522258{background-color: #ff495c !important;}&#8220; el_class=&#8220;contact-form-row__content&#8220; offset=&#8220;vc_col-lg-5 vc_col-md-5&#8243;][vc_custom_heading text=&#8220;Kontakt na<br \/>\nmanagement centra&#8220; font_container=&#8220;tag:h3|text_align:left&#8220; use_theme_fonts=&#8220;yes&#8220; el_class=&#8220;title title&#8211;white title&#8211;fs24&#8243; css=&#8220;.vc_custom_1663575739980{margin-bottom: 23px !important;}&#8220;][vc_custom_heading text=&#8220;Michal Fico, Ing. Aneta Raszykov\u00e1&#8220; font_container=&#8220;tag:h4|text_align:left&#8220; use_theme_fonts=&#8220;yes&#8220; el_class=&#8220;title title&#8211;white title&#8211;fs20&#8243; css=&#8220;.vc_custom_1744033337924{margin-bottom: 0px !important;}&#8220;][vc_column_text el_class=&#8220;fs-18 fw-light color-white&#8220; css=&#8220;.vc_custom_1663076343909{margin-bottom: 30px !important;}&#8220;]Mana\u017eer centra[\/vc_column_text][vc_column_text el_class=&#8220;color-white p-mb-25&#8243;]<img loading=\"lazy\" decoding=\"async\" class=\"alignnone size-full wp-image-102\" src=\"\/wp-content\/uploads\/sites\/2\/2022\/10\/icon_mail.svg\" alt=\"\" width=\"28\" height=\"24\" \/><a href=\"mailto:michal.fico@cbre.com\">michal.fico@cbre.com<\/a><\/p>\n<p><img loading=\"lazy\" decoding=\"async\" class=\"alignnone size-full wp-image-102\" src=\"\/wp-content\/uploads\/sites\/2\/2022\/10\/icon_mail.svg\" alt=\"\" width=\"28\" height=\"24\" \/><a href=\"mailto:daniela.hanusova@cbre.com\">aneta.raszykova@cbre.com<\/a>[\/vc_column_text][\/vc_column][vc_column offset=&#8220;vc_col-lg-7 vc_col-md-7&#8243;]\n<div class=\"wpcf7 no-js\" id=\"wpcf7-f13-o1\" lang=\"cs-CZ\" dir=\"ltr\" data-wpcf7-id=\"13\">\n<div class=\"screen-reader-response\"><p role=\"status\" aria-live=\"polite\" aria-atomic=\"true\"><\/p> <ul><\/ul><\/div>\n<form action=\"\/olomouc\/wp-json\/wp\/v2\/pages\/66#wpcf7-f13-o1\" method=\"post\" class=\"wpcf7-form init\" aria-label=\"Kontaktn\u00ed formul\u00e1\u0159\" novalidate=\"novalidate\" data-status=\"init\">\n<fieldset class=\"hidden-fields-container\"><input type=\"hidden\" name=\"_wpcf7\" value=\"13\" \/><input type=\"hidden\" name=\"_wpcf7_version\" value=\"6.1.4\" \/><input type=\"hidden\" name=\"_wpcf7_locale\" value=\"cs_CZ\" \/><input type=\"hidden\" name=\"_wpcf7_unit_tag\" value=\"wpcf7-f13-o1\" \/><input type=\"hidden\" name=\"_wpcf7_container_post\" value=\"0\" \/><input type=\"hidden\" name=\"_wpcf7_posted_data_hash\" value=\"\" \/><input type=\"hidden\" name=\"_wpcf7_recaptcha_response\" value=\"\" \/>\n<\/fieldset>\n<div class=\"row\">\n\t<div class=\"col-md-6 col-12\">\n\t\t<p><label><span class=\"wpcf7-form-control-wrap\" data-name=\"your-name\"><input size=\"40\" maxlength=\"400\" class=\"wpcf7-form-control wpcf7-text wpcf7-validates-as-required\" aria-required=\"true\" aria-invalid=\"false\" placeholder=\"Jm\u00e9no\" value=\"\" type=\"text\" name=\"your-name\" \/><\/span><\/label>\n\t\t<\/p>\n\t<\/div>\n\t<div class=\"col-md-6 col-12\">\n\t\t<p><label><span class=\"wpcf7-form-control-wrap\" data-name=\"your-name\"><input size=\"40\" maxlength=\"400\" class=\"wpcf7-form-control wpcf7-text wpcf7-validates-as-required\" aria-required=\"true\" aria-invalid=\"false\" placeholder=\"P\u0159\u00edjmen\u00ed\" value=\"\" type=\"text\" name=\"your-name\" \/><\/span><\/label>\n\t\t<\/p>\n\t<\/div>\n\t<div class=\"col-md-6 col-12\">\n\t\t<p><label><span class=\"wpcf7-form-control-wrap\" data-name=\"your-email\"><input size=\"40\" maxlength=\"400\" class=\"wpcf7-form-control wpcf7-email wpcf7-validates-as-required wpcf7-text wpcf7-validates-as-email\" aria-required=\"true\" aria-invalid=\"false\" placeholder=\"E-mail\" value=\"\" type=\"email\" name=\"your-email\" \/><\/span><\/label>\n\t\t<\/p>\n\t<\/div>\n\t<div class=\"col-md-6 col-12\">\n\t\t<p><label><span class=\"wpcf7-form-control-wrap\" data-name=\"your-phone\"><input size=\"40\" maxlength=\"400\" class=\"wpcf7-form-control wpcf7-text\" aria-invalid=\"false\" placeholder=\"Telefon\" value=\"\" type=\"text\" name=\"your-phone\" \/><\/span><\/label>\n\t\t<\/p>\n\t<\/div>\n\t<div class=\"col-12\">\n\t\t<p><label><\/label><label><span class=\"wpcf7-form-control-wrap\" data-name=\"your-message\"><textarea cols=\"40\" rows=\"10\" maxlength=\"2000\" class=\"wpcf7-form-control wpcf7-textarea\" aria-invalid=\"false\" placeholder=\"Va\u0161e zpr\u00e1va\" name=\"your-message\"><\/textarea><\/span><\/label>\n\t\t<\/p>\n\t<\/div>\n\t<div class=\"col-12 text-right\">\n\t\t<p><span class=\"wpcf7-form-control-wrap\" data-name=\"your-consent\"><span class=\"wpcf7-form-control wpcf7-acceptance\"><span class=\"wpcf7-list-item\"><label><input type=\"checkbox\" name=\"your-consent\" value=\"1\" aria-invalid=\"false\" \/><span class=\"wpcf7-list-item-label\">Souhlas\u00edm se zpracov\u00e1n\u00edm osobn\u00edch \u00fadaj\u016f dle <a href=\"\/olomouc\/ochrana-osobnich-udaju\">GDPR<\/a><\/span><\/label><\/span><\/span><\/span>\n\t\t<\/p>\n\t<\/div>\n\t<div class=\"col-12\">\n\t\t<div class=\"vc_btn3-container vc_btn3-center\">\n\t\t\t<p><button class=\"vc_general vc_btn3 vc_btn3-size-md vc_btn3-shape-rounded vc_btn3-style-modern vc_btn3-color-grey\">Odeslat<\/button>\n\t\t\t<\/p>\n\t\t<\/div>\n\t<\/div>\n<\/div><input type='hidden' class='wpcf7-pum' value='{\"closepopup\":false,\"closedelay\":0,\"openpopup\":false,\"openpopup_id\":0}' \/><div class=\"wpcf7-response-output\" aria-hidden=\"true\"><\/div>\n<\/form>\n<\/div>\n[\/vc_column][\/vc_row][\/vc_section]<\/p>\n","protected":false},"excerpt":{"rendered":"<p>[vc_section css=&#8220;.vc_custom_1661758408306{margin-bottom: 100px !important;}&#8220; el_class=&#8220;animate&#8220;][vc_row][vc_column css=&#8220;.vc_custom_1661506371033{margin-bottom: 35px !important;}&#8220;][vc_custom_heading text=&#8220;Management centra&#8220; font_container=&#8220;tag:h1|text_align:left&#8220; use_theme_fonts=&#8220;yes&#8220; el_class=&#8220;section-title&#8220;][\/vc_column][vc_column css=&#8220;.vc_custom_1661506376541{margin-bottom: 60px !important;}&#8220;][vc_column_text el_class=&#8220;fs-20 lh-normal&#8220;]V p\u0159\u00edpad\u011b z\u00e1jmu [&hellip;]<\/p>\n","protected":false},"author":1,"featured_media":0,"parent":0,"menu_order":0,"comment_status":"closed","ping_status":"closed","template":"","meta":{"_acf_changed":false,"footnotes":""},"class_list":["post-66","page","type-page","status-publish","hentry"],"acf":[],"yoast_head":"<!-- This site is optimized with the Yoast SEO plugin v26.5 - https:\/\/yoast.com\/wordpress\/plugins\/seo\/ -->\n<title>Management centra - Park&amp;Shop Olomouc<\/title>\n<meta name=\"robots\" content=\"index, follow, max-snippet:-1, max-image-preview:large, max-video-preview:-1\" \/>\n<link rel=\"canonical\" href=\"https:\/\/parkshop.cz\/olomouc\/management-centra\/\" \/>\n<meta property=\"og:locale\" content=\"cs_CZ\" \/>\n<meta property=\"og:type\" content=\"article\" \/>\n<meta property=\"og:title\" content=\"Management centra - Park&amp;Shop Olomouc\" \/>\n<meta property=\"og:description\" content=\"[vc_section css=&#8220;.vc_custom_1661758408306{margin-bottom: 100px !important;}&#8220; el_class=&#8220;animate&#8220;][vc_row][vc_column css=&#8220;.vc_custom_1661506371033{margin-bottom: 35px !important;}&#8220;][vc_custom_heading text=&#8220;Management centra&#8220; font_container=&#8220;tag:h1|text_align:left&#8220; use_theme_fonts=&#8220;yes&#8220; el_class=&#8220;section-title&#8220;][\/vc_column][vc_column css=&#8220;.vc_custom_1661506376541{margin-bottom: 60px !important;}&#8220;][vc_column_text el_class=&#8220;fs-20 lh-normal&#8220;]V p\u0159\u00edpad\u011b z\u00e1jmu [&hellip;]\" \/>\n<meta property=\"og:url\" content=\"https:\/\/parkshop.cz\/olomouc\/management-centra\/\" \/>\n<meta property=\"og:site_name\" content=\"Park&amp;Shop Olomouc\" \/>\n<meta property=\"article:modified_time\" content=\"2025-04-07T13:42:58+00:00\" \/>\n<meta name=\"twitter:card\" content=\"summary_large_image\" \/>\n<meta name=\"twitter:label1\" content=\"Odhadovan\u00e1 doba \u010dten\u00ed\" \/>\n\t<meta name=\"twitter:data1\" content=\"1 minuta\" \/>\n<script type=\"application\/ld+json\" class=\"yoast-schema-graph\">{\"@context\":\"https:\/\/schema.org\",\"@graph\":[{\"@type\":\"WebPage\",\"@id\":\"https:\/\/parkshop.cz\/olomouc\/management-centra\/\",\"url\":\"https:\/\/parkshop.cz\/olomouc\/management-centra\/\",\"name\":\"Management centra - Park&Shop Olomouc\",\"isPartOf\":{\"@id\":\"https:\/\/parkshop.cz\/olomouc\/#website\"},\"datePublished\":\"2022-09-13T13:29:13+00:00\",\"dateModified\":\"2025-04-07T13:42:58+00:00\",\"breadcrumb\":{\"@id\":\"https:\/\/parkshop.cz\/olomouc\/management-centra\/#breadcrumb\"},\"inLanguage\":\"cs\",\"potentialAction\":[{\"@type\":\"ReadAction\",\"target\":[\"https:\/\/parkshop.cz\/olomouc\/management-centra\/\"]}]},{\"@type\":\"BreadcrumbList\",\"@id\":\"https:\/\/parkshop.cz\/olomouc\/management-centra\/#breadcrumb\",\"itemListElement\":[{\"@type\":\"ListItem\",\"position\":1,\"name\":\"Dom\u016f\",\"item\":\"https:\/\/parkshop.cz\/olomouc\/\"},{\"@type\":\"ListItem\",\"position\":2,\"name\":\"Management centra\"}]},{\"@type\":\"WebSite\",\"@id\":\"https:\/\/parkshop.cz\/olomouc\/#website\",\"url\":\"https:\/\/parkshop.cz\/olomouc\/\",\"name\":\"Park&Shop Olomouc\",\"description\":\"Nejv\u011bt\u0161\u00ed n\u00e1kupn\u00ed park v regionu\",\"publisher\":{\"@id\":\"https:\/\/parkshop.cz\/olomouc\/#organization\"},\"potentialAction\":[{\"@type\":\"SearchAction\",\"target\":{\"@type\":\"EntryPoint\",\"urlTemplate\":\"https:\/\/parkshop.cz\/olomouc\/?s={search_term_string}\"},\"query-input\":{\"@type\":\"PropertyValueSpecification\",\"valueRequired\":true,\"valueName\":\"search_term_string\"}}],\"inLanguage\":\"cs\"},{\"@type\":\"Organization\",\"@id\":\"https:\/\/parkshop.cz\/olomouc\/#organization\",\"name\":\"Park&Shop Olomouc\",\"url\":\"https:\/\/parkshop.cz\/olomouc\/\",\"logo\":{\"@type\":\"ImageObject\",\"inLanguage\":\"cs\",\"@id\":\"https:\/\/parkshop.cz\/olomouc\/#\/schema\/logo\/image\/\",\"url\":\"https:\/\/parkshop.cz\/olomouc\/wp-content\/uploads\/sites\/2\/2022\/10\/park_shop_logo.svg\",\"contentUrl\":\"https:\/\/parkshop.cz\/olomouc\/wp-content\/uploads\/sites\/2\/2022\/10\/park_shop_logo.svg\",\"caption\":\"Park&Shop Olomouc\"},\"image\":{\"@id\":\"https:\/\/parkshop.cz\/olomouc\/#\/schema\/logo\/image\/\"}}]}<\/script>\n<!-- \/ Yoast SEO plugin. -->","yoast_head_json":{"title":"Management centra - Park&Shop Olomouc","robots":{"index":"index","follow":"follow","max-snippet":"max-snippet:-1","max-image-preview":"max-image-preview:large","max-video-preview":"max-video-preview:-1"},"canonical":"https:\/\/parkshop.cz\/olomouc\/management-centra\/","og_locale":"cs_CZ","og_type":"article","og_title":"Management centra - Park&Shop Olomouc","og_description":"[vc_section css=&#8220;.vc_custom_1661758408306{margin-bottom: 100px !important;}&#8220; el_class=&#8220;animate&#8220;][vc_row][vc_column css=&#8220;.vc_custom_1661506371033{margin-bottom: 35px !important;}&#8220;][vc_custom_heading text=&#8220;Management centra&#8220; font_container=&#8220;tag:h1|text_align:left&#8220; use_theme_fonts=&#8220;yes&#8220; el_class=&#8220;section-title&#8220;][\/vc_column][vc_column css=&#8220;.vc_custom_1661506376541{margin-bottom: 60px !important;}&#8220;][vc_column_text el_class=&#8220;fs-20 lh-normal&#8220;]V p\u0159\u00edpad\u011b z\u00e1jmu [&hellip;]","og_url":"https:\/\/parkshop.cz\/olomouc\/management-centra\/","og_site_name":"Park&Shop Olomouc","article_modified_time":"2025-04-07T13:42:58+00:00","twitter_card":"summary_large_image","twitter_misc":{"Odhadovan\u00e1 doba \u010dten\u00ed":"1 minuta"},"schema":{"@context":"https:\/\/schema.org","@graph":[{"@type":"WebPage","@id":"https:\/\/parkshop.cz\/olomouc\/management-centra\/","url":"https:\/\/parkshop.cz\/olomouc\/management-centra\/","name":"Management centra - Park&Shop Olomouc","isPartOf":{"@id":"https:\/\/parkshop.cz\/olomouc\/#website"},"datePublished":"2022-09-13T13:29:13+00:00","dateModified":"2025-04-07T13:42:58+00:00","breadcrumb":{"@id":"https:\/\/parkshop.cz\/olomouc\/management-centra\/#breadcrumb"},"inLanguage":"cs","potentialAction":[{"@type":"ReadAction","target":["https:\/\/parkshop.cz\/olomouc\/management-centra\/"]}]},{"@type":"BreadcrumbList","@id":"https:\/\/parkshop.cz\/olomouc\/management-centra\/#breadcrumb","itemListElement":[{"@type":"ListItem","position":1,"name":"Dom\u016f","item":"https:\/\/parkshop.cz\/olomouc\/"},{"@type":"ListItem","position":2,"name":"Management centra"}]},{"@type":"WebSite","@id":"https:\/\/parkshop.cz\/olomouc\/#website","url":"https:\/\/parkshop.cz\/olomouc\/","name":"Park&Shop Olomouc","description":"Nejv\u011bt\u0161\u00ed n\u00e1kupn\u00ed park v regionu","publisher":{"@id":"https:\/\/parkshop.cz\/olomouc\/#organization"},"potentialAction":[{"@type":"SearchAction","target":{"@type":"EntryPoint","urlTemplate":"https:\/\/parkshop.cz\/olomouc\/?s={search_term_string}"},"query-input":{"@type":"PropertyValueSpecification","valueRequired":true,"valueName":"search_term_string"}}],"inLanguage":"cs"},{"@type":"Organization","@id":"https:\/\/parkshop.cz\/olomouc\/#organization","name":"Park&Shop Olomouc","url":"https:\/\/parkshop.cz\/olomouc\/","logo":{"@type":"ImageObject","inLanguage":"cs","@id":"https:\/\/parkshop.cz\/olomouc\/#\/schema\/logo\/image\/","url":"https:\/\/parkshop.cz\/olomouc\/wp-content\/uploads\/sites\/2\/2022\/10\/park_shop_logo.svg","contentUrl":"https:\/\/parkshop.cz\/olomouc\/wp-content\/uploads\/sites\/2\/2022\/10\/park_shop_logo.svg","caption":"Park&Shop Olomouc"},"image":{"@id":"https:\/\/parkshop.cz\/olomouc\/#\/schema\/logo\/image\/"}}]}},"publishpress_future_action":{"enabled":false,"date":"2026-04-23 07:16:35","action":"change-status","newStatus":"draft","terms":[],"taxonomy":"","extraData":[]},"publishpress_future_workflow_manual_trigger":{"enabledWorkflows":[]},"_links":{"self":[{"href":"https:\/\/parkshop.cz\/olomouc\/wp-json\/wp\/v2\/pages\/66","targetHints":{"allow":["GET"]}}],"collection":[{"href":"https:\/\/parkshop.cz\/olomouc\/wp-json\/wp\/v2\/pages"}],"about":[{"href":"https:\/\/parkshop.cz\/olomouc\/wp-json\/wp\/v2\/types\/page"}],"author":[{"embeddable":true,"href":"https:\/\/parkshop.cz\/olomouc\/wp-json\/wp\/v2\/users\/1"}],"replies":[{"embeddable":true,"href":"https:\/\/parkshop.cz\/olomouc\/wp-json\/wp\/v2\/comments?post=66"}],"version-history":[{"count":7,"href":"https:\/\/parkshop.cz\/olomouc\/wp-json\/wp\/v2\/pages\/66\/revisions"}],"predecessor-version":[{"id":736,"href":"https:\/\/parkshop.cz\/olomouc\/wp-json\/wp\/v2\/pages\/66\/revisions\/736"}],"wp:attachment":[{"href":"https:\/\/parkshop.cz\/olomouc\/wp-json\/wp\/v2\/media?parent=66"}],"curies":[{"name":"wp","href":"https:\/\/api.w.org\/{rel}","templated":true}]}}